{"id":1238,"date":"2023-12-08T11:08:04","date_gmt":"2023-12-08T10:08:04","guid":{"rendered":"http:\/\/asgard-international.com\/?page_id=1238"},"modified":"2023-12-08T15:38:24","modified_gmt":"2023-12-08T14:38:24","slug":"decoupe-laser","status":"publish","type":"page","link":"https:\/\/asgard-international.com\/index.php\/decoupe-laser\/","title":{"rendered":"D\u00c9COUPE LASER"},"content":{"rendered":"<div data-colibri-id=\"1238-c1\" class=\"style-1138 style-local-1238-c1 position-relative\">\n  <!---->\n  <div data-colibri-component=\"section\" data-colibri-id=\"1238-c6\" id=\"about\" class=\"h-section h-section-global-spacing d-flex align-items-lg-center align-items-md-center align-items-center style-1143 style-local-1238-c6 position-relative\">\n    <!---->\n    <!---->\n    <div class=\"h-section-grid-container h-section-boxed-container\">\n      <!---->\n      <div data-colibri-id=\"1238-c7\" class=\"h-row-container gutters-row-lg-2 gutters-row-md-2 gutters-row-2 gutters-row-v-lg-2 gutters-row-v-md-2 gutters-row-v-2 style-1144 style-local-1238-c7 position-relative\">\n        <!---->\n        <div class=\"h-row justify-content-lg-center justify-content-md-center justify-content-center align-items-lg-stretch align-items-md-stretch align-items-stretch gutters-col-lg-2 gutters-col-md-2 gutters-col-2 gutters-col-v-lg-2 gutters-col-v-md-2 gutters-col-v-2\">\n          <!---->\n          <div class=\"h-column h-column-container d-flex h-col-lg-auto h-col-md-auto h-col-auto style-1145-outer style-local-1238-c8-outer\">\n            <div data-colibri-id=\"1238-c8\" class=\"d-flex h-flex-basis h-column__inner h-px-lg-2 h-px-md-2 h-px-2 v-inner-lg-2 v-inner-md-2 v-inner-2 style-1145 style-local-1238-c8 position-relative\">\n              <!---->\n              <!---->\n              <div class=\"w-100 h-y-container h-column__content h-column__v-align flex-basis-100 align-self-lg-center align-self-md-center align-self-center\">\n                <!---->\n                <div data-colibri-id=\"1238-c9\" class=\"h-global-transition-all h-heading style-1146 style-local-1238-c9 position-relative h-element\">\n                  <!---->\n                  <div class=\"h-heading__outer style-1146 style-local-1238-c9\">\n                    <!---->\n                    <!---->\n                    <h6 class=\"\">D\u00c9COUPE LASER<\/h6>\n                  <\/div>\n                <\/div>\n                <div data-colibri-id=\"1238-c11\" class=\"h-lead h-text h-text-component style-1148 style-local-1238-c11 position-relative h-element\">\n                  <!---->\n                  <!---->\n                  <div class=\"\">\n                    <p>La d\u00e9coupe laser du m\u00e9tal est l&rsquo;un des moyens les plus modernes, efficaces, pr\u00e9cis et \u00e9conomiquement avantageux pour d\u00e9couper divers m\u00e9taux tels que l&rsquo;acier, l&rsquo;acier inoxydable, le laiton, le titane, le damas et l&rsquo;aluminium.<\/p>\n                  <\/div>\n                <\/div>\n              <\/div>\n            <\/div>\n          <\/div>\n          <div class=\"h-column h-column-container d-flex h-col-lg-auto h-col-md-auto h-col-auto style-1151-outer style-local-1238-c14-outer\">\n            <div data-colibri-id=\"1238-c14\" class=\"d-flex h-flex-basis h-column__inner h-px-lg-2 h-px-md-2 h-px-2 v-inner-lg-2 v-inner-md-2 v-inner-2 style-1151 style-local-1238-c14 position-relative\">\n              <!---->\n              <!---->\n              <div class=\"w-100 h-y-container h-column__content h-column__v-align flex-basis-100 align-self-lg-center align-self-md-center align-self-center\">\n                <!---->\n                <div data-colibri-id=\"1238-c15\" class=\"d-block style-1152 style-local-1238-c15 position-relative h-element\">\n                  <!---->\n                  <div class=\"h-image__frame-container-outer\">\n                    <div class=\"h-image__frame-container\">\n                      <!---->\n                      <!---->\n                      <img decoding=\"async\" src=\"https:\/\/asgard-international.com\/wp-content\/uploads\/2023\/12\/cropped-WhatsApp-Image-2023-12-06-a-10.10.07_58170708-1-1024x1024.jpg\" class=\"style-1152-image style-local-1238-c15-image\">\n                      <div class=\"h-image__frame h-hide-sm style-1152-frameImage style-local-1238-c15-frameImage\"><\/div>\n                    <\/div>\n                  <\/div>\n                <\/div>\n              <\/div>\n            <\/div>\n          <\/div>\n        <\/div>\n      <\/div>\n    <\/div>\n  <\/div>\n  <div data-colibri-component=\"section\" data-colibri-id=\"1238-c16\" id=\"about-2\" class=\"h-section h-section-global-spacing d-flex align-items-lg-center align-items-md-center align-items-center style-1153 style-local-1238-c16 position-relative\">\n    <!---->\n    <!---->\n    <div class=\"h-section-grid-container h-section-boxed-container\">\n      <!---->\n      <div data-colibri-id=\"1238-c17\" class=\"h-row-container gutters-row-lg-0 gutters-row-md-0 gutters-row-0 gutters-row-v-lg-0 gutters-row-v-md-0 gutters-row-v-0 style-1154 style-local-1238-c17 position-relative\">\n        <!---->\n        <div class=\"h-row justify-content-lg-center justify-content-md-center justify-content-center align-items-lg-stretch align-items-md-stretch align-items-stretch gutters-col-lg-0 gutters-col-md-0 gutters-col-0 gutters-col-v-lg-0 gutters-col-v-md-0 gutters-col-v-0\">\n          <!---->\n          <div class=\"h-column h-column-container d-flex h-col-lg-auto h-col-md-auto h-col-auto style-1155-outer style-local-1238-c18-outer\">\n            <div data-colibri-id=\"1238-c18\" class=\"d-flex h-flex-basis h-column__inner h-px-lg-0 h-px-md-0 h-px-0 v-inner-lg-0 v-inner-md-0 v-inner-0 style-1155 style-local-1238-c18 position-relative\">\n              <!---->\n              <!---->\n              <div class=\"w-100 h-y-container h-column__content h-column__v-align flex-basis-100 align-self-lg-start align-self-md-start align-self-start\">\n                <!---->\n                <div data-colibri-id=\"1238-c19\" class=\"h-global-transition-all h-heading style-1156 style-local-1238-c19 position-relative h-element\">\n                  <!---->\n                  <div class=\"h-heading__outer style-1156 style-local-1238-c19\">\n                    <!---->\n                    <!---->\n                    <h5 class=\"\">D\u00c9COUPE LASER<\/h5>\n                  <\/div>\n                <\/div>\n                <div data-colibri-id=\"1238-c21\" class=\"h-text h-text-component style-1158 style-local-1238-c21 position-relative h-element\">\n                  <!---->\n                  <!---->\n                  <div class=\"\">\n                    <p>La technologie de d\u00e9coupe laser garantit une haute qualit\u00e9 et une pr\u00e9cision accrue, augmente la productivit\u00e9, r\u00e9duit la consommation de mat\u00e9riaux, acc\u00e9l\u00e8re les d\u00e9lais de production, permet la fabrication de pi\u00e8ces avec des contours\n                      g\u00e9om\u00e9triques complexes et respecte rigoureusement les exigences des plans fournis. Les capacit\u00e9s de nos lasers permettent la d\u00e9coupe avec de l&rsquo;azote et de l&rsquo;air : acier au carbone jusqu&rsquo;\u00e0 25,0 mm d&rsquo;\u00e9paisseur, m\u00e9tal inoxydable jusqu&rsquo;\u00e0\n                      20,0 mm, m\u00e9tal color\u00e9 (aluminium, laiton) jusqu&rsquo;\u00e0 16,0 mm. La taille maximale de la feuille est de 1500 mm * 3000 mm.<\/p>\n                  <\/div>\n                <\/div>\n              <\/div>\n            <\/div>\n          <\/div>\n          <div class=\"h-column h-column-container d-flex h-col-lg-auto h-col-md-auto h-col-auto style-1159-outer style-local-1238-c22-outer\">\n            <div data-colibri-id=\"1238-c22\" class=\"d-flex h-flex-basis h-column__inner h-ui-empty-state-container h-px-lg-2 h-px-md-2 h-px-2 v-inner-lg-2 v-inner-md-2 v-inner-2 style-1159 style-local-1238-c22 position-relative\">\n              <!---->\n              <!---->\n              <div class=\"w-100 h-y-container h-column__content h-column__v-align flex-basis-100\">\n                <!---->\n              <\/div>\n            <\/div>\n          <\/div>\n        <\/div>\n      <\/div>\n    <\/div>\n  <\/div>\n  <div data-colibri-component=\"section\" data-colibri-id=\"1238-c24\" id=\"about-3\" class=\"h-section h-section-global-spacing d-flex align-items-lg-center align-items-md-center align-items-center style-1161 style-local-1238-c24 position-relative\">\n    <!---->\n    <!---->\n    <div class=\"h-section-grid-container h-section-boxed-container\">\n      <!---->\n      <div data-colibri-id=\"1238-c25\" class=\"h-row-container gutters-row-lg-0 gutters-row-md-0 gutters-row-0 gutters-row-v-lg-0 gutters-row-v-md-0 gutters-row-v-0 style-1162 style-local-1238-c25 position-relative\">\n        <!---->\n        <div class=\"h-row justify-content-lg-center justify-content-md-center justify-content-center align-items-lg-stretch align-items-md-stretch align-items-stretch gutters-col-lg-0 gutters-col-md-0 gutters-col-0 gutters-col-v-lg-0 gutters-col-v-md-0 gutters-col-v-0\">\n          <!---->\n          <div class=\"h-column h-column-container d-flex h-col-lg-auto h-col-md-auto h-col-auto style-1163-outer style-local-1238-c26-outer\">\n            <div data-colibri-id=\"1238-c26\" class=\"d-flex h-flex-basis h-column__inner h-ui-empty-state-container h-px-lg-0 h-px-md-0 h-px-0 v-inner-lg-0 v-inner-md-0 v-inner-0 style-1163 style-local-1238-c26 position-relative\">\n              <!---->\n              <!---->\n              <div class=\"w-100 h-y-container h-column__content h-column__v-align flex-basis-100\">\n                <!---->\n              <\/div>\n            <\/div>\n          <\/div>\n          <div class=\"h-column h-column-container d-flex h-col-lg-auto h-col-md-auto h-col-auto style-1164-outer style-local-1238-c27-outer\">\n            <div data-colibri-id=\"1238-c27\" class=\"d-flex h-flex-basis h-column__inner h-px-lg-2 h-px-md-2 h-px-2 v-inner-lg-2 v-inner-md-2 v-inner-2 style-1164 style-local-1238-c27 position-relative\">\n              <!---->\n              <!---->\n              <div class=\"w-100 h-y-container h-column__content h-column__v-align flex-basis-100 align-self-lg-start align-self-md-start align-self-start\">\n                <!---->\n                <div data-colibri-id=\"1238-c28\" class=\"h-global-transition-all h-heading style-1165 style-local-1238-c28 position-relative h-element\">\n                  <!---->\n                  <div class=\"h-heading__outer style-1165 style-local-1238-c28\">\n                    <!---->\n                    <!---->\n                    <h5 class=\"\">D\u00c9COUPE LASER<\/h5>\n                  <\/div>\n                <\/div>\n                <div data-colibri-id=\"1238-c30\" class=\"h-text h-text-component style-1167 style-local-1238-c30 position-relative h-element\">\n                  <!---->\n                  <!---->\n                  <div class=\"\">\n                    <p>Nous r\u00e9alisons \u00e9galement des d\u00e9coupes artistiques et complexes (d\u00e9coratives) de m\u00e9tal, avec un catalogue de motifs pr\u00eats \u00e0 d\u00e9couper. Nous effectuons \u00e9galement la d\u00e9coupe de tubes ronds en m\u00e9tal noirs, inoxydables et color\u00e9s. Dimension\n                      maximale de la pi\u00e8ce jusqu&rsquo;\u00e0 220 mm de diam\u00e8tre, barre de 3 m\u00e8tres ou 6 m\u00e8tres. Longueur maximale de la pi\u00e8ce finie : 2900 mm ou 5900 mm.<\/p>\n                  <\/div>\n                <\/div>\n              <\/div>\n            <\/div>\n          <\/div>\n        <\/div>\n      <\/div>\n    <\/div>\n  <\/div>\n  <div data-colibri-component=\"section\" data-colibri-id=\"1238-c31\" id=\"about-4\" class=\"h-section h-section-global-spacing d-flex align-items-lg-center align-items-md-center align-items-center style-1168 style-local-1238-c31 position-relative\">\n    <!---->\n    <!---->\n    <div class=\"h-section-grid-container h-section-boxed-container\">\n      <!---->\n      <div data-colibri-id=\"1238-c32\" class=\"h-row-container gutters-row-lg-0 gutters-row-md-0 gutters-row-0 gutters-row-v-lg-0 gutters-row-v-md-0 gutters-row-v-0 style-1169 style-local-1238-c32 position-relative\">\n        <!---->\n        <div class=\"h-row justify-content-lg-center justify-content-md-center justify-content-center align-items-lg-stretch align-items-md-stretch align-items-stretch gutters-col-lg-0 gutters-col-md-0 gutters-col-0 gutters-col-v-lg-0 gutters-col-v-md-0 gutters-col-v-0\">\n          <!---->\n          <div class=\"h-column h-column-container d-flex h-col-lg-auto h-col-md-auto h-col-auto style-1170-outer style-local-1238-c33-outer\">\n            <div data-colibri-id=\"1238-c33\" class=\"d-flex h-flex-basis h-column__inner h-px-lg-0 h-px-md-0 h-px-0 v-inner-lg-0 v-inner-md-0 v-inner-0 style-1170 style-local-1238-c33 position-relative\">\n              <!---->\n              <!---->\n              <div class=\"w-100 h-y-container h-column__content h-column__v-align flex-basis-100 align-self-lg-start align-self-md-start align-self-start\">\n                <!---->\n                <div data-colibri-id=\"1238-c34\" class=\"h-global-transition-all h-heading style-1171 style-local-1238-c34 position-relative h-element\">\n                  <!---->\n                  <div class=\"h-heading__outer style-1171 style-local-1238-c34\">\n                    <!---->\n                    <!---->\n                    <h5 class=\"\">D\u00c9COUPE LASER<\/h5>\n                  <\/div>\n                <\/div>\n                <div data-colibri-id=\"1238-c36\" class=\"h-text h-text-component style-1173 style-local-1238-c36 position-relative h-element\">\n                  <!---->\n                  <!---->\n                  <div class=\"\">\n                    <p>Au cours de la d\u00e9coupe laser de tubes, nous produisons diverses connexions technologiques qui trouvent des applications dans diff\u00e9rentes industries. L&rsquo;utilisation de la technologie de pointe de d\u00e9coupe laser de tubes remplace plusieurs\n                      op\u00e9rations traditionnelles telles que la d\u00e9coupe, le per\u00e7age, le fraisage et le traitement des bords.<\/p>\n                    <p>\n                      <br>\n                    <\/p>\n                    <p><span style=\"font-weight: 400; font-size: 16px; font-family: Lato; color: rgb(58, 97, 107);\">Nous effectuons \u00e9galement la d\u00e9coupe de profil\u00e9s rectangulaires et carr\u00e9s en m\u00e9tal noir, inoxydable et color\u00e9. Dimension maximale de la pi\u00e8ce pour les tubes profil\u00e9s rectangulaires jusqu&rsquo;\u00e0 220 mm en diagonale, barre de 3 m\u00e8tres. Longueur maximale de la pi\u00e8ce finie : 2900 mm.<\/span><\/p>\n                  <\/div>\n                <\/div>\n              <\/div>\n            <\/div>\n          <\/div>\n          <div class=\"h-column h-column-container d-flex h-col-lg-auto h-col-md-auto h-col-auto style-1174-outer style-local-1238-c37-outer\">\n            <div data-colibri-id=\"1238-c37\" class=\"d-flex h-flex-basis h-column__inner h-ui-empty-state-container h-px-lg-2 h-px-md-2 h-px-2 v-inner-lg-2 v-inner-md-2 v-inner-2 style-1174 style-local-1238-c37 position-relative\">\n              <!---->\n              <!---->\n              <div class=\"w-100 h-y-container h-column__content h-column__v-align flex-basis-100\">\n                <!---->\n              <\/div>\n            <\/div>\n          <\/div>\n        <\/div>\n      <\/div>\n    <\/div>\n  <\/div>\n  <div data-colibri-component=\"section\" data-colibri-id=\"1238-c38\" id=\"about-5\" class=\"h-section h-section-global-spacing d-flex align-items-lg-center align-items-md-center align-items-center style-1175 style-local-1238-c38 position-relative\">\n    <!---->\n    <!---->\n    <div class=\"h-section-grid-container h-section-boxed-container\">\n      <!---->\n      <div data-colibri-id=\"1238-c39\" class=\"h-row-container gutters-row-lg-0 gutters-row-md-0 gutters-row-0 gutters-row-v-lg-0 gutters-row-v-md-0 gutters-row-v-0 style-1176 style-local-1238-c39 position-relative\">\n        <!---->\n        <div class=\"h-row justify-content-lg-center justify-content-md-center justify-content-center align-items-lg-stretch align-items-md-stretch align-items-stretch gutters-col-lg-0 gutters-col-md-0 gutters-col-0 gutters-col-v-lg-0 gutters-col-v-md-0 gutters-col-v-0\">\n          <!---->\n          <div class=\"h-column h-column-container d-flex h-col-lg-auto h-col-md-auto h-col-auto style-1177-outer style-local-1238-c40-outer\">\n            <div data-colibri-id=\"1238-c40\" class=\"d-flex h-flex-basis h-column__inner h-ui-empty-state-container h-px-lg-0 h-px-md-0 h-px-0 v-inner-lg-0 v-inner-md-0 v-inner-0 style-1177 style-local-1238-c40 position-relative\">\n              <!---->\n              <!---->\n              <div class=\"w-100 h-y-container h-column__content h-column__v-align flex-basis-100\">\n                <!---->\n              <\/div>\n            <\/div>\n          <\/div>\n          <div class=\"h-column h-column-container d-flex h-col-lg-auto h-col-md-auto h-col-auto style-1178-outer style-local-1238-c41-outer\">\n            <div data-colibri-id=\"1238-c41\" class=\"d-flex h-flex-basis h-column__inner h-px-lg-2 h-px-md-2 h-px-2 v-inner-lg-2 v-inner-md-2 v-inner-2 style-1178 style-local-1238-c41 position-relative\">\n              <!---->\n              <!---->\n              <div class=\"w-100 h-y-container h-column__content h-column__v-align flex-basis-100 align-self-lg-start align-self-md-start align-self-start\">\n                <!---->\n                <div data-colibri-id=\"1238-c42\" class=\"h-global-transition-all h-heading style-1179 style-local-1238-c42 position-relative h-element\">\n                  <!---->\n                  <div class=\"h-heading__outer style-1179 style-local-1238-c42\">\n                    <!---->\n                    <!---->\n                    <h5 class=\"\">D\u00c9COUPE LASER<\/h5>\n                  <\/div>\n                <\/div>\n                <div data-colibri-id=\"1238-c44\" class=\"h-text h-text-component style-1181 style-local-1238-c44 position-relative h-element\">\n                  <!---->\n                  <!---->\n                  <div class=\"\">\n                    <p>La d\u00e9coupe laser permet de d\u00e9couper des contours complexes et des profils sans contact direct avec la surface de la pi\u00e8ce. Aucun traitement suppl\u00e9mentaire de la surface de coupe n&rsquo;est n\u00e9cessaire lors de l&rsquo;assemblage ult\u00e9rieur des produits.<\/p>\n                    <p>\n                      <br>\n                    <\/p>\n                    <p>\n                      <u>CARACT\u00c9RISTIQUES DE LA D\u00c9COUPE LASER :<\/u>\n                    <\/p>\n                    <p>D\u00e9coupe m\u00e9tallique avec une tol\u00e9rance de 0,01 mm.<\/p>\n                    <p>\u00c9paisseur de pi\u00e8ce autoris\u00e9e jusqu&rsquo;\u00e0 25 mm.<\/p>\n                  <\/div>\n                <\/div>\n              <\/div>\n            <\/div>\n          <\/div>\n        <\/div>\n      <\/div>\n    <\/div>\n  <\/div>\n<\/div>","protected":false},"excerpt":{"rendered":"<p>D\u00c9COUPE LASER La d\u00e9coupe laser du m\u00e9tal est l&rsquo;un des moyens les plus modernes, efficaces, pr\u00e9cis et \u00e9conomiquement avantageux pour d\u00e9couper divers m\u00e9taux tels que l&rsquo;acier, l&rsquo;acier inoxydable, le laiton, le titane, le damas et l&rsquo;aluminium. D\u00c9COUPE LASER La technologie de d\u00e9coupe laser garantit une haute qualit\u00e9 et une pr\u00e9cision accrue, augmente la productivit\u00e9, r\u00e9duit [&hellip;]<\/p>\n","protected":false},"author":1,"featured_media":0,"parent":0,"menu_order":0,"comment_status":"closed","ping_status":"closed","template":"page-templates\/full-width-page.php","meta":{"footnotes":""},"_links":{"self":[{"href":"https:\/\/asgard-international.com\/index.php\/wp-json\/wp\/v2\/pages\/1238"}],"collection":[{"href":"https:\/\/asgard-international.com\/index.php\/wp-json\/wp\/v2\/pages"}],"about":[{"href":"https:\/\/asgard-international.com\/index.php\/wp-json\/wp\/v2\/types\/page"}],"author":[{"embeddable":true,"href":"https:\/\/asgard-international.com\/index.php\/wp-json\/wp\/v2\/users\/1"}],"replies":[{"embeddable":true,"href":"https:\/\/asgard-international.com\/index.php\/wp-json\/wp\/v2\/comments?post=1238"}],"version-history":[{"count":11,"href":"https:\/\/asgard-international.com\/index.php\/wp-json\/wp\/v2\/pages\/1238\/revisions"}],"predecessor-version":[{"id":1391,"href":"https:\/\/asgard-international.com\/index.php\/wp-json\/wp\/v2\/pages\/1238\/revisions\/1391"}],"wp:attachment":[{"href":"https:\/\/asgard-international.com\/index.php\/wp-json\/wp\/v2\/media?parent=1238"}],"curies":[{"name":"wp","href":"https:\/\/api.w.org\/{rel}","templated":true}]}}