{"id":1289,"date":"2023-12-08T11:22:52","date_gmt":"2023-12-08T10:22:52","guid":{"rendered":"https:\/\/asgard-international.com\/?page_id=1289"},"modified":"2023-12-08T15:43:12","modified_gmt":"2023-12-08T14:43:12","slug":"gravure-laser-2","status":"publish","type":"page","link":"https:\/\/asgard-international.com\/index.php\/gravure-laser-2\/","title":{"rendered":"GRAVURE LASER"},"content":{"rendered":"<div data-colibri-id=\"1289-c1\" class=\"style-1182 style-local-1289-c1 position-relative\">\n  <!---->\n  <div data-colibri-component=\"section\" data-colibri-id=\"1289-c2\" id=\"about\" class=\"h-section h-section-global-spacing d-flex align-items-lg-center align-items-md-center align-items-center style-1183 style-local-1289-c2 position-relative\">\n    <!---->\n    <!---->\n    <div class=\"h-section-grid-container h-section-boxed-container\">\n      <!---->\n      <div data-colibri-id=\"1289-c3\" class=\"h-row-container gutters-row-lg-0 gutters-row-md-0 gutters-row-0 gutters-row-v-lg-0 gutters-row-v-md-0 gutters-row-v-0 style-1184 style-local-1289-c3 position-relative\">\n        <!---->\n        <div class=\"h-row justify-content-lg-center justify-content-md-center justify-content-center align-items-lg-stretch align-items-md-stretch align-items-stretch gutters-col-lg-0 gutters-col-md-0 gutters-col-0 gutters-col-v-lg-0 gutters-col-v-md-0 gutters-col-v-0\">\n          <!---->\n          <div class=\"h-column h-column-container d-flex h-col-lg-auto h-col-md-auto h-col-auto style-1185-outer style-local-1289-c4-outer\">\n            <div data-colibri-id=\"1289-c4\" class=\"d-flex h-flex-basis h-column__inner h-ui-empty-state-container h-px-lg-0 h-px-md-0 h-px-0 v-inner-lg-0 v-inner-md-0 v-inner-0 style-1185 style-local-1289-c4 position-relative\">\n              <!---->\n              <!---->\n              <div class=\"w-100 h-y-container h-column__content h-column__v-align flex-basis-100\">\n                <!---->\n              <\/div>\n            <\/div>\n          <\/div>\n          <div class=\"h-column h-column-container d-flex h-col-lg-auto h-col-md-auto h-col-auto style-1186-outer style-local-1289-c5-outer\">\n            <div data-colibri-id=\"1289-c5\" class=\"d-flex h-flex-basis h-column__inner h-px-lg-2 h-px-md-2 h-px-2 v-inner-lg-2 v-inner-md-2 v-inner-2 style-1186 style-local-1289-c5 position-relative\">\n              <!---->\n              <!---->\n              <div class=\"w-100 h-y-container h-column__content h-column__v-align flex-basis-100 align-self-lg-start align-self-md-start align-self-start\">\n                <!---->\n                <div data-colibri-id=\"1289-c6\" class=\"h-global-transition-all h-heading style-1187 style-local-1289-c6 position-relative h-element\">\n                  <!---->\n                  <div class=\"h-heading__outer style-1187 style-local-1289-c6\">\n                    <!---->\n                    <!---->\n                    <h5 class=\"\">GRAVURE LASER <\/h5>\n                  <\/div>\n                <\/div>\n                <div data-colibri-id=\"1289-c8\" class=\"h-text h-text-component style-1189 style-local-1289-c8 position-relative h-element\">\n                  <!---->\n                  <!---->\n                  <div class=\"\">\n                    <p>Gravure laser professionnelle, rapide et sans contact. Application d&rsquo;informations telles que textes, images ou logos sur du m\u00e9tal, du plastique, du cuir, du bois, de la c\u00e9ramique, du caoutchouc, du tissu, etc. Haute qualit\u00e9 et rapidit\u00e9\n                      garantie &#8211; nous disposons de 4 machines de marquage industriel avec une surface de travail de 70*70mm \u00e0 300*300mm (JPT MOPA M7 100W  Coherent CO2 Fiber laser 30W  2 Raycus fiber laser 50W). Nous r\u00e9alisons \u00e9galement la gravure sur\n                      des objets rotatifs : objets circulaires avec un dispositif de rotation &#8211; \u00e0 l&rsquo;ext\u00e9rieur et \u00e0 l&rsquo;int\u00e9rieur jusqu&rsquo;\u00e0 un diam\u00e8tre de 150mm. Commandes en s\u00e9rie cl\u00e9 en main.<\/p>\n                  <\/div>\n                <\/div>\n              <\/div>\n            <\/div>\n          <\/div>\n        <\/div>\n      <\/div>\n    <\/div>\n  <\/div>\n<\/div>","protected":false},"excerpt":{"rendered":"<p>GRAVURE LASER Gravure laser professionnelle, rapide et sans contact. Application d&rsquo;informations telles que textes, images ou logos sur du m\u00e9tal, du plastique, du cuir, du bois, de la c\u00e9ramique, du caoutchouc, du tissu, etc. Haute qualit\u00e9 et rapidit\u00e9 garantie &#8211; nous disposons de 4 machines de marquage industriel avec une surface de travail de 70*70mm [&hellip;]<\/p>\n","protected":false},"author":1,"featured_media":0,"parent":0,"menu_order":0,"comment_status":"closed","ping_status":"closed","template":"page-templates\/full-width-page.php","meta":{"footnotes":""},"_links":{"self":[{"href":"https:\/\/asgard-international.com\/index.php\/wp-json\/wp\/v2\/pages\/1289"}],"collection":[{"href":"https:\/\/asgard-international.com\/index.php\/wp-json\/wp\/v2\/pages"}],"about":[{"href":"https:\/\/asgard-international.com\/index.php\/wp-json\/wp\/v2\/types\/page"}],"author":[{"embeddable":true,"href":"https:\/\/asgard-international.com\/index.php\/wp-json\/wp\/v2\/users\/1"}],"replies":[{"embeddable":true,"href":"https:\/\/asgard-international.com\/index.php\/wp-json\/wp\/v2\/comments?post=1289"}],"version-history":[{"count":2,"href":"https:\/\/asgard-international.com\/index.php\/wp-json\/wp\/v2\/pages\/1289\/revisions"}],"predecessor-version":[{"id":1400,"href":"https:\/\/asgard-international.com\/index.php\/wp-json\/wp\/v2\/pages\/1289\/revisions\/1400"}],"wp:attachment":[{"href":"https:\/\/asgard-international.com\/index.php\/wp-json\/wp\/v2\/media?parent=1289"}],"curies":[{"name":"wp","href":"https:\/\/api.w.org\/{rel}","templated":true}]}}