{"id":1418,"date":"2023-12-08T15:57:11","date_gmt":"2023-12-08T14:57:11","guid":{"rendered":"https:\/\/asgard-international.com\/?page_id=1418"},"modified":"2023-12-08T16:10:13","modified_gmt":"2023-12-08T15:10:13","slug":"travaux-de-tournage-fraisage-cnc","status":"publish","type":"page","link":"https:\/\/asgard-international.com\/index.php\/travaux-de-tournage-fraisage-cnc\/","title":{"rendered":"TRAVAUX DE TOURNAGE &#8211; FRAISAGE CNC"},"content":{"rendered":"<div data-colibri-id=\"1418-c1\" class=\"style-1200 style-local-1418-c1 position-relative\">\n  <!---->\n  <div data-colibri-component=\"section\" data-colibri-id=\"1418-c2\" id=\"about\" class=\"h-section h-section-global-spacing d-flex align-items-lg-center align-items-md-center align-items-center style-1201 style-local-1418-c2 position-relative\">\n    <!---->\n    <!---->\n    <div class=\"h-section-grid-container h-section-boxed-container\">\n      <!---->\n      <div data-colibri-id=\"1418-c3\" class=\"h-row-container gutters-row-lg-2 gutters-row-md-2 gutters-row-2 gutters-row-v-lg-2 gutters-row-v-md-2 gutters-row-v-2 style-1202 style-local-1418-c3 position-relative\">\n        <!---->\n        <div class=\"h-row justify-content-lg-center justify-content-md-center justify-content-center align-items-lg-stretch align-items-md-stretch align-items-stretch gutters-col-lg-2 gutters-col-md-2 gutters-col-2 gutters-col-v-lg-2 gutters-col-v-md-2 gutters-col-v-2\">\n          <!---->\n          <div class=\"h-column h-column-container d-flex h-col-lg-auto h-col-md-auto h-col-auto style-1203-outer style-local-1418-c4-outer\">\n            <div data-colibri-id=\"1418-c4\" class=\"d-flex h-flex-basis h-column__inner h-px-lg-2 h-px-md-2 h-px-2 v-inner-lg-2 v-inner-md-2 v-inner-2 style-1203 style-local-1418-c4 position-relative\">\n              <!---->\n              <!---->\n              <div class=\"w-100 h-y-container h-column__content h-column__v-align flex-basis-100 align-self-lg-center align-self-md-center align-self-center\">\n                <!---->\n                <div data-colibri-id=\"1418-c5\" class=\"h-global-transition-all h-heading style-1204 style-local-1418-c5 position-relative h-element\">\n                  <!---->\n                  <div class=\"h-heading__outer style-1204 style-local-1418-c5\">\n                    <!---->\n                    <!---->\n                    <h5 class=\"\">TRAVAUX DE TOURNAGE-FRAISAGE CNC <\/h5>\n                  <\/div>\n                <\/div>\n                <div data-colibri-id=\"1418-c7\" class=\"h-lead h-text h-text-component style-1206 style-local-1418-c7 position-relative h-element\">\n                  <!---->\n                  <!---->\n                  <div class=\"\">\n                    <p>Nous sommes une entreprise de traitement du m\u00e9tal complexe sp\u00e9cialis\u00e9e dans l&rsquo;usinage de haute pr\u00e9cision de m\u00e9taux et de divers types de plastiques. Nous r\u00e9alisons des prototypes, des composants et une production en s\u00e9rie de pi\u00e8ces\n                      de toute complexit\u00e9, conform\u00e9ment \u00e0 des \u00e9chantillons, \u00e0 des mod\u00e8les 3D ou \u00e0 des dessins fournis par le client. Nous effectuons diverses op\u00e9rations lors des travaux de tournage, telles que le tournage, le per\u00e7age, l&rsquo;al\u00e9sage, le filetage,\n                      le fraisage, l&rsquo;application de diff\u00e9rents types de rouleaux, etc. Les mat\u00e9riaux trait\u00e9s comprennent l&rsquo;aluminium, l&rsquo;acier inoxydable, le laiton, le bronze et autres. Les travaux de tournage sur m\u00e9tal sur notre site sont r\u00e9alis\u00e9s sur\n                      un centre d&rsquo;usinage moderne de la soci\u00e9t\u00e9 HAAS ST-20Y (avec axe \u00ab\u00a0Y\u00a0\u00bb) avec commande num\u00e9rique (CNC) pour la production de petites et moyennes s\u00e9ries de pi\u00e8ces.\n                      <br>\n                      <br>\u2022 D\u00e9placement sur l&rsquo;axe Y &#8211; 100 mm<\/p>\n                    <p>\u2022 Diam\u00e8tre de passage de la broche 64,8 mm<\/p>\n                    <p>\u2022 Diam\u00e8tre d&rsquo;usinage maximal &#8211; 298 mm<\/p>\n                    <p>\u2022 D\u00e9placements sur les axes (X, Z) &#8211; 213 mm, 550 mm<\/p>\n                    <p>\u2022 Diam\u00e8tre maximal de la pi\u00e8ce \u00e0 usiner : 533 mm<\/p>\n                    <p>\u2022 Vitesse de rotation maximale de la broche principale : 4000 tr\/min<\/p>\n                    <p>\u2022 Vitesse de rotation maximale de la broche d&rsquo;outil motoris\u00e9e : 4000 tr\/min<\/p>\n                    <p>\u2022 Taille du mandrin 8.3<\/p>\n                    <p>\u2022 Plus grand diam\u00e8tre de la barre : 2.5 mm<\/p>\n                    <p>\u2022 4k tours par minute<\/p>\n                    <p>\u2022 Puissance de 20 chevaux\n                      <br>\n                      <br>Les op\u00e9rations de tournage-fraisage sur une machine de haute pr\u00e9cision \u00e0 commande num\u00e9rique (CNC), contrairement \u00e0 l&rsquo;usinage manuel, \u00e9liminent le facteur humain. Cela permet d&rsquo;obtenir une pr\u00e9cision beaucoup plus \u00e9lev\u00e9e dans le travail\n                      des m\u00e9taux. De plus, le travail sur CNC acc\u00e9l\u00e8re consid\u00e9rablement le processus de fabrication.<\/p>\n                    <p>Dans le processus de production des pi\u00e8ces, plusieurs op\u00e9rations technologiques sont effectu\u00e9es, notamment :<\/p>\n                    <p>&#8211; Op\u00e9rations de fraisage pour l&rsquo;usinage des surfaces,<\/p>\n                    <p>&#8211; Forage,<\/p>\n                    <p>&#8211; \u00c9largissement des trous,<\/p>\n                    <p>&#8211; Filetage, en utilisant des outils de coupe modernes.<\/p>\n                  <\/div>\n                <\/div>\n              <\/div>\n            <\/div>\n          <\/div>\n        <\/div>\n      <\/div>\n    <\/div>\n  <\/div>\n  <div data-colibri-component=\"section\" data-colibri-id=\"1418-c12\" id=\"about-2\" class=\"h-section h-section-global-spacing d-flex align-items-lg-center align-items-md-center align-items-center style-1211 style-local-1418-c12 position-relative\">\n    <!---->\n    <!---->\n    <div class=\"h-section-grid-container h-section-boxed-container\">\n      <!---->\n      <div data-colibri-id=\"1418-c13\" class=\"h-row-container gutters-row-lg-0 gutters-row-md-0 gutters-row-0 gutters-row-v-lg-0 gutters-row-v-md-0 gutters-row-v-0 style-1212 style-local-1418-c13 position-relative\">\n        <!---->\n        <div class=\"h-row justify-content-lg-center justify-content-md-center justify-content-center align-items-lg-stretch align-items-md-stretch align-items-stretch gutters-col-lg-0 gutters-col-md-0 gutters-col-0 gutters-col-v-lg-0 gutters-col-v-md-0 gutters-col-v-0\">\n          <!---->\n          <div class=\"h-column h-column-container d-flex h-col-lg-auto h-col-md-auto h-col-auto style-1213-outer style-local-1418-c14-outer\">\n            <div data-colibri-id=\"1418-c14\" class=\"d-flex h-flex-basis h-column__inner h-px-lg-0 h-px-md-0 h-px-0 v-inner-lg-0 v-inner-md-0 v-inner-0 style-1213 style-local-1418-c14 position-relative\">\n              <!---->\n              <!---->\n              <div class=\"w-100 h-y-container h-column__content h-column__v-align flex-basis-100 align-self-lg-start align-self-md-start align-self-start\">\n                <!---->\n                <div data-colibri-id=\"1418-c15\" class=\"h-global-transition-all h-heading style-1214 style-local-1418-c15 position-relative h-element\">\n                  <!---->\n                  <div class=\"h-heading__outer style-1214 style-local-1418-c15\">\n                    <!---->\n                    <!---->\n                    <h5 class=\"\">TRAVAUX DE TOURNAGE <\/h5>\n                  <\/div>\n                <\/div>\n                <div data-colibri-id=\"1418-c17\" class=\"h-text h-text-component style-1216 style-local-1418-c17 position-relative h-element\">\n                  <!---->\n                  <!---->\n                  <div class=\"\">\n                    <p>Les travaux de tournage sont l&rsquo;un des domaines cl\u00e9s de l&rsquo;activit\u00e9 d&rsquo;ASGARG INTERNATIONAL. Notre base de production combine les technologies de tournage et de fraisage dans la fabrication de pi\u00e8ces utilis\u00e9es dans divers secteurs industriels.<\/p>\n                    <p>Nous sommes sp\u00e9cialis\u00e9s dans l&rsquo;usinage m\u00e9canique des m\u00e9taux, fournissant des services de fabrication de pi\u00e8ces de diverses complexit\u00e9s pour un large \u00e9ventail d&rsquo;industries.<\/p>\n                  <\/div>\n                <\/div>\n              <\/div>\n            <\/div>\n          <\/div>\n          <div class=\"h-column h-column-container d-flex h-col-lg-auto h-col-md-auto h-col-auto style-1217-outer style-local-1418-c18-outer\">\n            <div data-colibri-id=\"1418-c18\" class=\"d-flex h-flex-basis h-column__inner h-ui-empty-state-container h-px-lg-2 h-px-md-2 h-px-2 v-inner-lg-2 v-inner-md-2 v-inner-2 style-1217 style-local-1418-c18 position-relative\">\n              <!---->\n              <!---->\n              <div class=\"w-100 h-y-container h-column__content h-column__v-align flex-basis-100\">\n                <!---->\n              <\/div>\n            <\/div>\n          <\/div>\n        <\/div>\n      <\/div>\n    <\/div>\n  <\/div>\n  <div data-colibri-component=\"section\" data-colibri-id=\"1418-c19\" id=\"about-3\" class=\"h-section h-section-global-spacing d-flex align-items-lg-center align-items-md-center align-items-center style-1218 style-local-1418-c19 position-relative\">\n    <!---->\n    <!---->\n    <div class=\"h-section-grid-container h-section-boxed-container\">\n      <!---->\n      <div data-colibri-id=\"1418-c20\" class=\"h-row-container gutters-row-lg-0 gutters-row-md-0 gutters-row-0 gutters-row-v-lg-0 gutters-row-v-md-0 gutters-row-v-0 style-1219 style-local-1418-c20 position-relative\">\n        <!---->\n        <div class=\"h-row justify-content-lg-center justify-content-md-center justify-content-center align-items-lg-stretch align-items-md-stretch align-items-stretch gutters-col-lg-0 gutters-col-md-0 gutters-col-0 gutters-col-v-lg-0 gutters-col-v-md-0 gutters-col-v-0\">\n          <!---->\n          <div class=\"h-column h-column-container d-flex h-col-lg-auto h-col-md-auto h-col-auto style-1220-outer style-local-1418-c21-outer\">\n            <div data-colibri-id=\"1418-c21\" class=\"d-flex h-flex-basis h-column__inner h-ui-empty-state-container h-px-lg-0 h-px-md-0 h-px-0 v-inner-lg-0 v-inner-md-0 v-inner-0 style-1220 style-local-1418-c21 position-relative\">\n              <!---->\n              <!---->\n              <div class=\"w-100 h-y-container h-column__content h-column__v-align flex-basis-100\">\n                <!---->\n              <\/div>\n            <\/div>\n          <\/div>\n          <div class=\"h-column h-column-container d-flex h-col-lg-auto h-col-md-auto h-col-auto style-1221-outer style-local-1418-c22-outer\">\n            <div data-colibri-id=\"1418-c22\" class=\"d-flex h-flex-basis h-column__inner h-px-lg-2 h-px-md-2 h-px-2 v-inner-lg-2 v-inner-md-2 v-inner-2 style-1221 style-local-1418-c22 position-relative\">\n              <!---->\n              <!---->\n              <div class=\"w-100 h-y-container h-column__content h-column__v-align flex-basis-100 align-self-lg-start align-self-md-start align-self-start\">\n                <!---->\n                <div data-colibri-id=\"1418-c23\" class=\"h-global-transition-all h-heading style-1222 style-local-1418-c23 position-relative h-element\">\n                  <!---->\n                  <div class=\"h-heading__outer style-1222 style-local-1418-c23\">\n                    <!---->\n                    <!---->\n                    <h5 class=\"\">TRAVAUX DE FRAISAGE <\/h5>\n                  <\/div>\n                <\/div>\n                <div data-colibri-id=\"1418-c25\" class=\"h-text h-text-component style-1224 style-local-1418-c25 position-relative h-element\">\n                  <!---->\n                  <!---->\n                  <div class=\"\">\n                    <p>Nous effectuons des travaux de tournage et de fraisage sur des machines modernes et hautement productives. Gr\u00e2ce \u00e0 notre vaste exp\u00e9rience dans ce domaine, nous assurons une haute qualit\u00e9 \u00e0 des prix comp\u00e9titifs.<\/p>\n                    <p>La soci\u00e9t\u00e9 \u00ab\u00a0ASGARG INTERNATIONAL\u00a0\u00bb r\u00e9alise un large \u00e9ventail de travaux de fraisage sur diff\u00e9rents types de m\u00e9taux : acier au carbone, acier inoxydable, laiton, bronze, alliages d&rsquo;aluminium.<\/p>\n                    <p>Param\u00e8tres : 250x1000x700 mm,<\/p>\n                    <p>Dimensions minimales : 4x4x4 mm,<\/p>\n                    <p>Pr\u00e9cision d&rsquo;usinage jusqu&rsquo;\u00e0 0,05 mm.<\/p>\n                    <p>Nous acceptons des commandes pour le fraisage de m\u00e9taux et la finition des surfaces, y compris la peinture en poudre, le polissage et le meulage.<\/p>\n                  <\/div>\n                <\/div>\n              <\/div>\n            <\/div>\n          <\/div>\n        <\/div>\n      <\/div>\n    <\/div>\n  <\/div>\n<\/div>","protected":false},"excerpt":{"rendered":"<p>TRAVAUX DE TOURNAGE-FRAISAGE CNC Nous sommes une entreprise de traitement du m\u00e9tal complexe sp\u00e9cialis\u00e9e dans l&rsquo;usinage de haute pr\u00e9cision de m\u00e9taux et de divers types de plastiques. Nous r\u00e9alisons des prototypes, des composants et une production en s\u00e9rie de pi\u00e8ces de toute complexit\u00e9, conform\u00e9ment \u00e0 des \u00e9chantillons, \u00e0 des mod\u00e8les 3D ou \u00e0 des dessins [&hellip;]<\/p>\n","protected":false},"author":1,"featured_media":0,"parent":0,"menu_order":0,"comment_status":"closed","ping_status":"closed","template":"page-templates\/full-width-page.php","meta":{"footnotes":""},"_links":{"self":[{"href":"https:\/\/asgard-international.com\/index.php\/wp-json\/wp\/v2\/pages\/1418"}],"collection":[{"href":"https:\/\/asgard-international.com\/index.php\/wp-json\/wp\/v2\/pages"}],"about":[{"href":"https:\/\/asgard-international.com\/index.php\/wp-json\/wp\/v2\/types\/page"}],"author":[{"embeddable":true,"href":"https:\/\/asgard-international.com\/index.php\/wp-json\/wp\/v2\/users\/1"}],"replies":[{"embeddable":true,"href":"https:\/\/asgard-international.com\/index.php\/wp-json\/wp\/v2\/comments?post=1418"}],"version-history":[{"count":5,"href":"https:\/\/asgard-international.com\/index.php\/wp-json\/wp\/v2\/pages\/1418\/revisions"}],"predecessor-version":[{"id":1460,"href":"https:\/\/asgard-international.com\/index.php\/wp-json\/wp\/v2\/pages\/1418\/revisions\/1460"}],"wp:attachment":[{"href":"https:\/\/asgard-international.com\/index.php\/wp-json\/wp\/v2\/media?parent=1418"}],"curies":[{"name":"wp","href":"https:\/\/api.w.org\/{rel}","templated":true}]}}