{"id":1476,"date":"2023-12-08T16:13:20","date_gmt":"2023-12-08T15:13:20","guid":{"rendered":"https:\/\/asgard-international.com\/?page_id=1476"},"modified":"2023-12-08T16:14:26","modified_gmt":"2023-12-08T15:14:26","slug":"fabrication-de-systemes-de-ventilation","status":"publish","type":"page","link":"https:\/\/asgard-international.com\/index.php\/fabrication-de-systemes-de-ventilation\/","title":{"rendered":"FABRICATION DE SYST\u00c8MES DE VENTILATION"},"content":{"rendered":"<div data-colibri-id=\"1476-c1\" class=\"style-1233 style-local-1476-c1 position-relative\">\n  <!---->\n  <div data-colibri-component=\"section\" data-colibri-id=\"1476-c2\" id=\"about\" class=\"h-section h-section-global-spacing d-flex align-items-lg-center align-items-md-center align-items-center style-1234 style-local-1476-c2 position-relative\">\n    <!---->\n    <!---->\n    <div class=\"h-section-grid-container h-section-boxed-container\">\n      <!---->\n      <div data-colibri-id=\"1476-c3\" class=\"h-row-container gutters-row-lg-0 gutters-row-md-0 gutters-row-0 gutters-row-v-lg-0 gutters-row-v-md-0 gutters-row-v-0 style-1235 style-local-1476-c3 position-relative\">\n        <!---->\n        <div class=\"h-row justify-content-lg-center justify-content-md-center justify-content-center align-items-lg-stretch align-items-md-stretch align-items-stretch gutters-col-lg-0 gutters-col-md-0 gutters-col-0 gutters-col-v-lg-0 gutters-col-v-md-0 gutters-col-v-0\">\n          <!---->\n          <div class=\"h-column h-column-container d-flex h-col-lg-auto h-col-md-auto h-col-auto style-1236-outer style-local-1476-c4-outer\">\n            <div data-colibri-id=\"1476-c4\" class=\"d-flex h-flex-basis h-column__inner h-ui-empty-state-container h-px-lg-0 h-px-md-0 h-px-0 v-inner-lg-0 v-inner-md-0 v-inner-0 style-1236 style-local-1476-c4 position-relative\">\n              <!---->\n              <!---->\n              <div class=\"w-100 h-y-container h-column__content h-column__v-align flex-basis-100\">\n                <!---->\n              <\/div>\n            <\/div>\n          <\/div>\n          <div class=\"h-column h-column-container d-flex h-col-lg-auto h-col-md-auto h-col-auto style-1237-outer style-local-1476-c5-outer\">\n            <div data-colibri-id=\"1476-c5\" class=\"d-flex h-flex-basis h-column__inner h-px-lg-2 h-px-md-2 h-px-2 v-inner-lg-2 v-inner-md-2 v-inner-2 style-1237 style-local-1476-c5 position-relative\">\n              <!---->\n              <!---->\n              <div class=\"w-100 h-y-container h-column__content h-column__v-align flex-basis-100 align-self-lg-start align-self-md-start align-self-start\">\n                <!---->\n                <div data-colibri-id=\"1476-c6\" class=\"h-global-transition-all h-heading style-1238 style-local-1476-c6 position-relative h-element\">\n                  <!---->\n                  <div class=\"h-heading__outer style-1238 style-local-1476-c6\">\n                    <!---->\n                    <!---->\n                    <h5 class=\"\">FABRICATION DE SYST\u00c8MES DE VENTILATION<\/h5>\n                  <\/div>\n                <\/div>\n                <div data-colibri-id=\"1476-c8\" class=\"h-text h-text-component style-1240 style-local-1476-c8 position-relative h-element\">\n                  <!---->\n                  <!---->\n                  <div class=\"\">\n                    <p>Nous proposons des services de fabrication de syst\u00e8mes de ventilation d&rsquo;air et d&rsquo;extraction pour les usines, les entreprises, les entrep\u00f4ts, les services, les restaurants, les h\u00f4tels, les magasins, les centres commerciaux, les bureaux,\n                      les b\u00e2timents, les appartements et les cottages de diff\u00e9rents niveaux de complexit\u00e9 dans des d\u00e9lais tr\u00e8s courts. Vous obtiendrez un service de qualit\u00e9 &#8211; un produit fini qui correspond pr\u00e9cis\u00e9ment \u00e0 vos exigences.<\/p>\n                    <p>Produits : conduits d&rsquo;air (tuyaux de ventilation), chemin\u00e9es (chemin\u00e9es), T\u00e9s, transitions, bouchons, d\u00e9viations, vannes d&rsquo;\u00e9tranglement, bo\u00eetes de filtres, silencieux, absorbeurs de bruits, croisillons, s\u00e9parateurs de graisses, parapluies,\n                      volets, etc.<\/p>\n                  <\/div>\n                <\/div>\n              <\/div>\n            <\/div>\n          <\/div>\n        <\/div>\n      <\/div>\n    <\/div>\n  <\/div>\n<\/div>","protected":false},"excerpt":{"rendered":"<p>FABRICATION DE SYST\u00c8MES DE VENTILATION Nous proposons des services de fabrication de syst\u00e8mes de ventilation d&rsquo;air et d&rsquo;extraction pour les usines, les entreprises, les entrep\u00f4ts, les services, les restaurants, les h\u00f4tels, les magasins, les centres commerciaux, les bureaux, les b\u00e2timents, les appartements et les cottages de diff\u00e9rents niveaux de complexit\u00e9 dans des d\u00e9lais tr\u00e8s courts. [&hellip;]<\/p>\n","protected":false},"author":1,"featured_media":0,"parent":0,"menu_order":0,"comment_status":"closed","ping_status":"closed","template":"page-templates\/full-width-page.php","meta":{"footnotes":""},"_links":{"self":[{"href":"https:\/\/asgard-international.com\/index.php\/wp-json\/wp\/v2\/pages\/1476"}],"collection":[{"href":"https:\/\/asgard-international.com\/index.php\/wp-json\/wp\/v2\/pages"}],"about":[{"href":"https:\/\/asgard-international.com\/index.php\/wp-json\/wp\/v2\/types\/page"}],"author":[{"embeddable":true,"href":"https:\/\/asgard-international.com\/index.php\/wp-json\/wp\/v2\/users\/1"}],"replies":[{"embeddable":true,"href":"https:\/\/asgard-international.com\/index.php\/wp-json\/wp\/v2\/comments?post=1476"}],"version-history":[{"count":2,"href":"https:\/\/asgard-international.com\/index.php\/wp-json\/wp\/v2\/pages\/1476\/revisions"}],"predecessor-version":[{"id":1482,"href":"https:\/\/asgard-international.com\/index.php\/wp-json\/wp\/v2\/pages\/1476\/revisions\/1482"}],"wp:attachment":[{"href":"https:\/\/asgard-international.com\/index.php\/wp-json\/wp\/v2\/media?parent=1476"}],"curies":[{"name":"wp","href":"https:\/\/api.w.org\/{rel}","templated":true}]}}