{"id":1487,"date":"2023-12-08T16:16:44","date_gmt":"2023-12-08T15:16:44","guid":{"rendered":"https:\/\/asgard-international.com\/?page_id=1487"},"modified":"2023-12-08T16:17:49","modified_gmt":"2023-12-08T15:17:49","slug":"traitement-de-surface-par-electro-etude","status":"publish","type":"page","link":"https:\/\/asgard-international.com\/index.php\/traitement-de-surface-par-electro-etude\/","title":{"rendered":"TRAITEMENT DE SURFACE PAR \u00c9LECTRO-\u00c9TUDE"},"content":{"rendered":"<div data-colibri-id=\"1487-c1\" class=\"style-1241 style-local-1487-c1 position-relative\">\n  <!---->\n  <div data-colibri-component=\"section\" data-colibri-id=\"1487-c2\" id=\"about\" class=\"h-section h-section-global-spacing d-flex align-items-lg-center align-items-md-center align-items-center style-1242 style-local-1487-c2 position-relative\">\n    <!---->\n    <!---->\n    <div class=\"h-section-grid-container h-section-boxed-container\">\n      <!---->\n      <div data-colibri-id=\"1487-c3\" class=\"h-row-container gutters-row-lg-0 gutters-row-md-0 gutters-row-0 gutters-row-v-lg-0 gutters-row-v-md-0 gutters-row-v-0 style-1243 style-local-1487-c3 position-relative\">\n        <!---->\n        <div class=\"h-row justify-content-lg-center justify-content-md-center justify-content-center align-items-lg-stretch align-items-md-stretch align-items-stretch gutters-col-lg-0 gutters-col-md-0 gutters-col-0 gutters-col-v-lg-0 gutters-col-v-md-0 gutters-col-v-0\">\n          <!---->\n          <div class=\"h-column h-column-container d-flex h-col-lg-auto h-col-md-auto h-col-auto style-1244-outer style-local-1487-c4-outer\">\n            <div data-colibri-id=\"1487-c4\" class=\"d-flex h-flex-basis h-column__inner h-px-lg-0 h-px-md-0 h-px-0 v-inner-lg-0 v-inner-md-0 v-inner-0 style-1244 style-local-1487-c4 position-relative\">\n              <!---->\n              <!---->\n              <div class=\"w-100 h-y-container h-column__content h-column__v-align flex-basis-100 align-self-lg-start align-self-md-start align-self-start\">\n                <!---->\n                <div data-colibri-id=\"1487-c5\" class=\"h-global-transition-all h-heading style-1245 style-local-1487-c5 position-relative h-element\">\n                  <!---->\n                  <div class=\"h-heading__outer style-1245 style-local-1487-c5\">\n                    <!---->\n                    <!---->\n                    <h5 class=\"\">TRAITEMENT DE SURFACE PAR \u00c9LECTRO-\u00c9TUDE<\/h5>\n                  <\/div>\n                <\/div>\n                <div data-colibri-id=\"1487-c7\" class=\"h-text h-text-component style-1247 style-local-1487-c7 position-relative h-element\">\n                  <!---->\n                  <!---->\n                  <div class=\"\">\n                    <p>Pr\u00e9paration de finition des surfaces<\/p>\n                    <p>Le sablage au verre est une m\u00e9thode de traitement abrasive par des billes de verre color\u00e9es sur des m\u00e9taux inoxydables et d&rsquo;autres mat\u00e9riaux (bois, plastique). Il nettoie soigneusement la surface sans la rayer gr\u00e2ce \u00e0 la forme ronde\n                      des billes, \u00e9liminant une fine couche de la pi\u00e8ce.<\/p>\n                    <p>Cette m\u00e9thode d\u00e9licate permet le nettoyage des mat\u00e9riaux sans endommager les filetages et les surfaces d&rsquo;ajustement. Aucune particule abrasive n&rsquo;est laiss\u00e9e sur la surface trait\u00e9e. Elle est \u00e9galement utilis\u00e9e pour le satinage de l&rsquo;acier\n                      inoxydable et l&rsquo;\u00e9limination des oxydes. <\/p>\n                    <p>Contrairement au sablage traditionnel, il n&rsquo;alt\u00e8re pas les dimensions d&rsquo;origine des pi\u00e8ces et cr\u00e9e l&rsquo;effet de \u00ab\u00a0nouveaux moulages\u00a0\u00bb, similaires \u00e0 la forge ou au polissage abrasif.<\/p>\n                    <p>Le grenaillage au moyen de billes de verre permet de traiter des d\u00e9tails et de nettoyer des surfaces sensibles aux influences ext\u00e9rieures, o\u00f9 l&rsquo;utilisation d&rsquo;abrasifs contenant du fer serait inappropri\u00e9e.<\/p>\n                    <p>Les billes de verre utilis\u00e9es sont fabriqu\u00e9es \u00e0 partir de verre sodique tremp\u00e9 de haute qualit\u00e9 et ne contiennent pas de plomb. Elles ne p\u00e9n\u00e8trent pas \u00e0 l&rsquo;int\u00e9rieur de la surface trait\u00e9e, pr\u00e9servant ainsi son int\u00e9grit\u00e9.<\/p>\n                    <p>Nous effectuons le nettoyage au grenaillage de pi\u00e8ces en acier inoxydable, aluminium, bronze, cuivre, titane et autres m\u00e9taux color\u00e9s.<\/p>\n                  <\/div>\n                <\/div>\n              <\/div>\n            <\/div>\n          <\/div>\n        <\/div>\n      <\/div>\n    <\/div>\n  <\/div>\n<\/div>","protected":false},"excerpt":{"rendered":"<p>TRAITEMENT DE SURFACE PAR \u00c9LECTRO-\u00c9TUDE Pr\u00e9paration de finition des surfaces Le sablage au verre est une m\u00e9thode de traitement abrasive par des billes de verre color\u00e9es sur des m\u00e9taux inoxydables et d&rsquo;autres mat\u00e9riaux (bois, plastique). Il nettoie soigneusement la surface sans la rayer gr\u00e2ce \u00e0 la forme ronde des billes, \u00e9liminant une fine couche de [&hellip;]<\/p>\n","protected":false},"author":1,"featured_media":0,"parent":0,"menu_order":0,"comment_status":"closed","ping_status":"closed","template":"page-templates\/full-width-page.php","meta":{"footnotes":""},"_links":{"self":[{"href":"https:\/\/asgard-international.com\/index.php\/wp-json\/wp\/v2\/pages\/1487"}],"collection":[{"href":"https:\/\/asgard-international.com\/index.php\/wp-json\/wp\/v2\/pages"}],"about":[{"href":"https:\/\/asgard-international.com\/index.php\/wp-json\/wp\/v2\/types\/page"}],"author":[{"embeddable":true,"href":"https:\/\/asgard-international.com\/index.php\/wp-json\/wp\/v2\/users\/1"}],"replies":[{"embeddable":true,"href":"https:\/\/asgard-international.com\/index.php\/wp-json\/wp\/v2\/comments?post=1487"}],"version-history":[{"count":2,"href":"https:\/\/asgard-international.com\/index.php\/wp-json\/wp\/v2\/pages\/1487\/revisions"}],"predecessor-version":[{"id":1492,"href":"https:\/\/asgard-international.com\/index.php\/wp-json\/wp\/v2\/pages\/1487\/revisions\/1492"}],"wp:attachment":[{"href":"https:\/\/asgard-international.com\/index.php\/wp-json\/wp\/v2\/media?parent=1487"}],"curies":[{"name":"wp","href":"https:\/\/api.w.org\/{rel}","templated":true}]}}