{"id":181,"date":"2021-08-03T08:12:16","date_gmt":"2021-08-03T06:12:16","guid":{"rendered":"http:\/\/asgard-international.com\/?page_id=181"},"modified":"2023-12-08T15:54:17","modified_gmt":"2023-12-08T14:54:17","slug":"pliage-cnc-de-metal","status":"publish","type":"page","link":"https:\/\/asgard-international.com\/index.php\/pliage-cnc-de-metal\/","title":{"rendered":"PLIAGE DES M\u00c9TAUX CNC"},"content":{"rendered":"<div data-colibri-id=\"181-c1\" class=\"style-562 style-local-181-c1 position-relative\">\n  <!---->\n  <div data-colibri-component=\"section\" data-colibri-id=\"181-c24\" id=\"about\" class=\"h-section h-section-global-spacing d-flex align-items-lg-center align-items-md-center align-items-center style-1190 style-local-181-c24 position-relative\">\n    <!---->\n    <!---->\n    <div class=\"h-section-grid-container h-section-boxed-container\">\n      <div data-colibri-id=\"181-c29\" class=\"h-row-container gutters-row-lg-2 gutters-row-md-2 gutters-row-2 gutters-row-v-lg-2 gutters-row-v-md-2 gutters-row-v-2 style-1195 style-local-181-c29 position-relative\">\n        <!---->\n        <div class=\"h-row justify-content-lg-center justify-content-md-center justify-content-center align-items-lg-stretch align-items-md-stretch align-items-stretch gutters-col-lg-2 gutters-col-md-2 gutters-col-2 gutters-col-v-lg-2 gutters-col-v-md-2 gutters-col-v-2\">\n          <!---->\n          <div class=\"h-column h-column-container d-flex h-col-lg-auto h-col-md-auto h-col-auto style-1196-outer style-local-181-c30-outer\">\n            <div data-colibri-id=\"181-c30\" class=\"d-flex h-flex-basis h-column__inner h-px-lg-2 h-px-md-2 h-px-2 v-inner-lg-2 v-inner-md-2 v-inner-2 style-1196 style-local-181-c30 position-relative\">\n              <!---->\n              <!---->\n              <div class=\"w-100 h-y-container h-column__content h-column__v-align flex-basis-100 align-self-lg-start align-self-md-start align-self-start\">\n                <!---->\n                <div data-colibri-id=\"181-c31\" class=\"h-global-transition-all h-heading style-1197 style-local-181-c31 position-relative h-element\">\n                  <!---->\n                  <div class=\"h-heading__outer style-1197 style-local-181-c31\">\n                    <!---->\n                    <!---->\n                    <h5 class=\"\">PLIAGE CNC de m\u00e9tal <\/h5>\n                  <\/div>\n                <\/div>\n                <div data-colibri-id=\"181-c33\" class=\"h-lead h-text h-text-component style-1199 style-local-181-c33 position-relative h-element\">\n                  <!---->\n                  <!---->\n                  <div class=\"\">\n                    <p>Nous proposons des services de pliage de t\u00f4les pour la fabrication de divers \u00e9l\u00e9ments de pi\u00e8ces de construction ou d&rsquo;\u00e9quipement. Cette technologie garantit la continuit\u00e9 de la structure et une grande pr\u00e9cision des proportions et des\n                      angles d\u00e9finis. Nous disposons de la machine CNC YAWEI PBC 110-3100 NC7 DLM 58T  110t, qui nous permet de plier des pi\u00e8ces de complexit\u00e9 variables dans les d\u00e9lais les plus courts. Vous recevrez un service de qualit\u00e9 &#8211; un produit\n                      fini r\u00e9pondant pr\u00e9cis\u00e9ment \u00e0 vos exigences.<\/p>\n                  <\/div>\n                <\/div>\n              <\/div>\n            <\/div>\n          <\/div>\n        <\/div>\n      <\/div>\n      <div data-colibri-id=\"181-c25\" class=\"h-row-container gutters-row-lg-2 gutters-row-md-2 gutters-row-0 gutters-row-v-lg-2 gutters-row-v-md-2 gutters-row-v-2 style-1191 style-local-181-c25 h-overflow-hidden position-relative\">\n        <!---->\n        <div class=\"h-row justify-content-lg-center justify-content-md-center justify-content-center align-items-lg-end align-items-md-end align-items-end gutters-col-lg-2 gutters-col-md-2 gutters-col-0 gutters-col-v-lg-2 gutters-col-v-md-2 gutters-col-v-2\">\n          <!---->\n          <div class=\"h-column h-column-container d-flex h-col-lg-auto h-col-md-auto h-col-auto align-self-lg-end align-self-md-end align-self-end style-1192-outer style-local-181-c26-outer\">\n            <div data-colibri-id=\"181-c26\" class=\"d-flex h-flex-basis h-column__inner h-ui-empty-state-container h-px-lg-3 h-px-md-3 h-px-3 v-inner-lg-3 v-inner-md-3 v-inner-3 style-1192 style-local-181-c26 position-relative\">\n              <!---->\n              <!---->\n              <div class=\"w-100 h-y-container h-column__content h-column__v-align flex-basis-100\">\n                <!---->\n              <\/div>\n            <\/div>\n          <\/div>\n          <div class=\"h-column h-column-container d-flex h-col-lg-auto h-col-md-auto h-col-auto align-self-lg-end align-self-md-end align-self-end style-1193-outer style-local-181-c27-outer\">\n            <div data-colibri-id=\"181-c27\" class=\"d-flex h-flex-basis h-column__inner h-ui-empty-state-container h-px-lg-0 h-px-md-0 h-px-0 v-inner-lg-0 v-inner-md-0 v-inner-0 style-1193 style-local-181-c27 position-relative\">\n              <!---->\n              <!---->\n              <div class=\"w-100 h-y-container h-column__content h-column__v-align flex-basis-100\">\n                <!---->\n              <\/div>\n            <\/div>\n          <\/div>\n          <div class=\"h-column h-column-container d-flex h-col-lg-auto h-col-md-auto h-col-auto align-self-lg-end align-self-md-end align-self-end style-1194-outer style-local-181-c28-outer\">\n            <div data-colibri-id=\"181-c28\" class=\"d-flex h-flex-basis h-column__inner h-ui-empty-state-container h-px-lg-0 h-px-md-0 h-px-0 v-inner-lg-0 v-inner-md-0 v-inner-0 style-1194 style-local-181-c28 position-relative\">\n              <!---->\n              <!---->\n              <div class=\"w-100 h-y-container h-column__content h-column__v-align flex-basis-100\">\n                <!---->\n              <\/div>\n            <\/div>\n          <\/div>\n        <\/div>\n      <\/div>\n    <\/div>\n  <\/div>\n<\/div>","protected":false},"excerpt":{"rendered":"<p>PLIAGE CNC de m\u00e9tal Nous proposons des services de pliage de t\u00f4les pour la fabrication de divers \u00e9l\u00e9ments de pi\u00e8ces de construction ou d&rsquo;\u00e9quipement. Cette technologie garantit la continuit\u00e9 de la structure et une grande pr\u00e9cision des proportions et des angles d\u00e9finis. Nous disposons de la machine CNC YAWEI PBC 110-3100 NC7 DLM 58T 110t, [&hellip;]<\/p>\n","protected":false},"author":1,"featured_media":0,"parent":0,"menu_order":0,"comment_status":"closed","ping_status":"closed","template":"page-templates\/full-width-page.php","meta":{"footnotes":""},"_links":{"self":[{"href":"https:\/\/asgard-international.com\/index.php\/wp-json\/wp\/v2\/pages\/181"}],"collection":[{"href":"https:\/\/asgard-international.com\/index.php\/wp-json\/wp\/v2\/pages"}],"about":[{"href":"https:\/\/asgard-international.com\/index.php\/wp-json\/wp\/v2\/types\/page"}],"author":[{"embeddable":true,"href":"https:\/\/asgard-international.com\/index.php\/wp-json\/wp\/v2\/users\/1"}],"replies":[{"embeddable":true,"href":"https:\/\/asgard-international.com\/index.php\/wp-json\/wp\/v2\/comments?post=181"}],"version-history":[{"count":12,"href":"https:\/\/asgard-international.com\/index.php\/wp-json\/wp\/v2\/pages\/181\/revisions"}],"predecessor-version":[{"id":1413,"href":"https:\/\/asgard-international.com\/index.php\/wp-json\/wp\/v2\/pages\/181\/revisions\/1413"}],"wp:attachment":[{"href":"https:\/\/asgard-international.com\/index.php\/wp-json\/wp\/v2\/media?parent=181"}],"curies":[{"name":"wp","href":"https:\/\/api.w.org\/{rel}","templated":true}]}}