{"id":2,"date":"2021-07-26T13:12:37","date_gmt":"2021-07-26T11:12:37","guid":{"rendered":"http:\/\/asgard-international.com\/?page_id=2"},"modified":"2023-12-11T17:30:15","modified_gmt":"2023-12-11T16:30:15","slug":"asgard-international","status":"publish","type":"page","link":"https:\/\/asgard-international.com\/index.php\/asgard-international\/","title":{"rendered":"\u00c0 propos de nous"},"content":{"rendered":"<div data-colibri-id=\"2-c1\" class=\"style-819 style-local-2-c1 position-relative\">\r\n  <!---->\r\n  <div data-colibri-component=\"section\" data-colibri-id=\"2-c2\" id=\"about\" class=\"h-section h-section-global-spacing d-flex align-items-lg-center align-items-md-center align-items-center style-1122 style-local-2-c2 position-relative\">\r\n    <!---->\r\n    <!---->\r\n    <div class=\"h-section-grid-container h-section-boxed-container\">\r\n      <!---->\r\n      <div data-colibri-id=\"2-c3\" class=\"h-row-container gutters-row-lg-0 gutters-row-md-0 gutters-row-0 gutters-row-v-lg-0 gutters-row-v-md-0 gutters-row-v-0 style-1123 style-local-2-c3 position-relative\">\r\n        <!---->\r\n        <div class=\"h-row justify-content-lg-center justify-content-md-center justify-content-center align-items-lg-stretch align-items-md-stretch align-items-stretch gutters-col-lg-0 gutters-col-md-0 gutters-col-0 gutters-col-v-lg-0 gutters-col-v-md-0 gutters-col-v-0\">\r\n          <!---->\r\n          <div class=\"h-column h-column-container d-flex h-col-lg-auto h-col-md-auto h-col-auto style-1124-outer style-local-2-c4-outer\">\r\n            <div data-colibri-id=\"2-c4\" class=\"d-flex h-flex-basis h-column__inner h-ui-empty-state-container h-px-lg-0 h-px-md-0 h-px-0 v-inner-lg-0 v-inner-md-0 v-inner-0 style-1124 style-local-2-c4 position-relative\">\r\n              <!---->\r\n              <!---->\r\n              <div class=\"w-100 h-y-container h-column__content h-column__v-align flex-basis-100\">\r\n                <!---->\r\n              <\/div>\r\n            <\/div>\r\n          <\/div>\r\n          <div class=\"h-column h-column-container d-flex h-col-lg-auto h-col-md-auto h-col-auto style-1125-outer style-local-2-c5-outer\">\r\n            <div data-colibri-id=\"2-c5\" class=\"d-flex h-flex-basis h-column__inner h-px-lg-2 h-px-md-2 h-px-2 v-inner-lg-2 v-inner-md-2 v-inner-2 style-1125 style-local-2-c5 position-relative\">\r\n              <!---->\r\n              <!---->\r\n              <div class=\"w-100 h-y-container h-column__content h-column__v-align flex-basis-100 align-self-lg-start align-self-md-start align-self-start\">\r\n                <!---->\r\n                <div data-colibri-id=\"2-c6\" class=\"h-global-transition-all h-heading style-1126 style-local-2-c6 position-relative h-element\">\r\n                  <!---->\r\n                  <div class=\"h-heading__outer style-1126 style-local-2-c6\">\r\n                    <!---->\r\n                    <!---->\r\n                    <h5 class=\"\">Asgard international<\/h5>\r\n                  <\/div>\r\n                <\/div>\r\n                <div data-colibri-id=\"2-c7\" class=\"h-text h-text-component style-1128 style-local-2-c7 position-relative h-element\">\r\n                  <!---->\r\n                  <!---->\r\n                  <div class=\"\">\r\n                    <p>f<span style=\"font-weight: 400; font-size: 16px; font-family: Lato; color: rgb(58, 97, 107);\">abricant int\u00e9gr\u00e9 leader sp\u00e9cialis\u00e9 dans le traitement du m\u00e9tal.<\/span><\/p>\r\n                    <p>Forts de plus de 20 ans d\u2019exp\u00e9rience dans le domaine de la m\u00e9tallurgie, nous affirmons avec confiance que notre production est la plus qualitative dans le secteur de la fabrication personnalis\u00e9e. Nous proposons des services de traitement\r\n                      du m\u00e9tal, de d\u00e9coupe laser, de soudure laser et argon, de gravure laser, de conception, de mod\u00e9lisation, de pliage CNC, de transfert de dessins en 3D, de d\u00e9coupe de pi\u00e8ces, de production en s\u00e9rie, de travaux de soudure argon, de\r\n                      traitement au jet de verre, et m\u00eame d\u2019impression 3D.&nbsp;<strong>Notre production est pr\u00eate \u00e0 r\u00e9aliser presque tout en m\u00e9tal.<\/strong><\/p>\r\n                    <p>Pour obtenir des d\u00e9tails pr\u00e9cis, nous collaborons \u00e9troitement avec le client pour \u00e9laborer une documentation technique, optimiser et contr\u00f4ler le processus de production \u00e0 chaque \u00e9tape. Notre \u00e9quipe qualifi\u00e9e, forte d\u2019une exp\u00e9rience\r\n                      pluridisciplinaire, peut relever des d\u00e9fis d\u2019ing\u00e9nierie complexes. Toutes nos r\u00e9alisations respectent les normes europ\u00e9ennes et mondiales, permettant ainsi une production rapide et de haute qualit\u00e9 pour nos clients.<\/p>\r\n                    <p><strong>Nous sommes ouverts aux exp\u00e9rimentations et aux id\u00e9es. Si vous avez une vision ou un r\u00eave, n\u2019h\u00e9sitez pas \u00e0 nous contacter !<\/strong><\/p>\r\n                    <p>\r\n                      <br>\r\n                    <\/p>\r\n                  <\/div>\r\n                <\/div>\r\n              <\/div>\r\n            <\/div>\r\n          <\/div>\r\n        <\/div>\r\n      <\/div>\r\n    <\/div>\r\n  <\/div>\r\n<\/div>","protected":false},"excerpt":{"rendered":"<p>Asgard international fabricant int\u00e9gr\u00e9 leader sp\u00e9cialis\u00e9 dans le traitement du m\u00e9tal. Forts de plus de 20 ans d\u2019exp\u00e9rience dans le domaine de la m\u00e9tallurgie, nous affirmons avec confiance que notre production est la plus qualitative dans le secteur de la fabrication personnalis\u00e9e. Nous proposons des services de traitement du m\u00e9tal, de d\u00e9coupe laser, de soudure [&hellip;]<\/p>\n","protected":false},"author":1,"featured_media":0,"parent":0,"menu_order":0,"comment_status":"closed","ping_status":"closed","template":"page-templates\/full-width-page.php","meta":{"footnotes":""},"_links":{"self":[{"href":"https:\/\/asgard-international.com\/index.php\/wp-json\/wp\/v2\/pages\/2"}],"collection":[{"href":"https:\/\/asgard-international.com\/index.php\/wp-json\/wp\/v2\/pages"}],"about":[{"href":"https:\/\/asgard-international.com\/index.php\/wp-json\/wp\/v2\/types\/page"}],"author":[{"embeddable":true,"href":"https:\/\/asgard-international.com\/index.php\/wp-json\/wp\/v2\/users\/1"}],"replies":[{"embeddable":true,"href":"https:\/\/asgard-international.com\/index.php\/wp-json\/wp\/v2\/comments?post=2"}],"version-history":[{"count":19,"href":"https:\/\/asgard-international.com\/index.php\/wp-json\/wp\/v2\/pages\/2\/revisions"}],"predecessor-version":[{"id":1501,"href":"https:\/\/asgard-international.com\/index.php\/wp-json\/wp\/v2\/pages\/2\/revisions\/1501"}],"wp:attachment":[{"href":"https:\/\/asgard-international.com\/index.php\/wp-json\/wp\/v2\/media?parent=2"}],"curies":[{"name":"wp","href":"https:\/\/api.w.org\/{rel}","templated":true}]}}