{"id":41,"date":"2021-08-02T21:36:05","date_gmt":"2021-08-02T19:36:05","guid":{"rendered":"http:\/\/asgard-international.com\/?page_id=41"},"modified":"2023-12-08T16:33:58","modified_gmt":"2023-12-08T15:33:58","slug":"contact","status":"publish","type":"page","link":"https:\/\/asgard-international.com\/index.php\/contact\/","title":{"rendered":"Contactez nous"},"content":{"rendered":"<div data-colibri-id=\"41-c1\" class=\"style-737 style-local-41-c1 position-relative\">\r\n  <!---->\r\n  <div data-colibri-component=\"section\" data-colibri-id=\"41-c2\" id=\"initial-content\" class=\"h-section h-section-global-spacing d-flex align-items-lg-center align-items-md-center align-items-center style-738 style-local-41-c2 position-relative\">\r\n    <!---->\r\n    <!---->\r\n    <div class=\"h-section-grid-container h-section-boxed-container\">\r\n      <!---->\r\n      <div data-colibri-id=\"41-c3\" class=\"h-row-container gutters-row-lg-2 gutters-row-md-2 gutters-row-0 gutters-row-v-lg-2 gutters-row-v-md-2 gutters-row-v-2 style-739 style-local-41-c3 position-relative\">\r\n        <!---->\r\n        <div class=\"h-row justify-content-lg-center justify-content-md-center justify-content-center align-items-lg-stretch align-items-md-stretch align-items-stretch gutters-col-lg-2 gutters-col-md-2 gutters-col-0 gutters-col-v-lg-2 gutters-col-v-md-2 gutters-col-v-2\">\r\n          <!---->\r\n          <div class=\"h-column h-column-container d-flex h-col-lg-auto h-col-md-auto h-col-auto style-740-outer style-local-41-c4-outer\">\r\n            <div data-colibri-id=\"41-c4\" class=\"d-flex h-flex-basis h-column__inner h-px-lg-2 h-px-md-2 h-px-2 v-inner-lg-2 v-inner-md-2 v-inner-2 style-740 style-local-41-c4 position-relative\">\r\n              <!---->\r\n              <!---->\r\n              <div class=\"w-100 h-y-container h-column__content h-column__v-align flex-basis-100 align-self-lg-start align-self-md-start align-self-start\">\r\n                <!---->\r\n                <div data-colibri-id=\"41-c8\" class=\"h-text h-text-component style-964 style-local-41-c8 position-relative h-element\">\r\n                  <!---->\r\n                  <!---->\r\n                  <div class=\"\">\r\n                    <h3>Contact<\/h3>\r\n                    <p><span style=\"color: inherit; font-family: Open Sans, sans-serif; font-size: 12px; font-weight: 500;\">+33(0)1 89 16 71 34<\/span>\r\n                      <a href=\"mailto:commercial@fbmecasystem.com\" style=\"color: inherit; font-family: Open Sans, sans-serif; font-size: 12px; font-weight: 500;\">\r\n                        <br>export@asgard-international.<\/a>com<\/p>\r\n                    <p>\r\n                      <a href=\"https:\/\/www.google.com\/maps\/place\/16+Rue+du+Clos+Hubert,+28320+Gallardon\/@48.5303391,1.6798269,17z\/data=!3m1!4b1!4m5!3m4!1s0x47e4179eb915d013:0x4e52fbedfbd3ddfb!8m2!3d48.5303356!4d1.6820156\" style=\"color: inherit; font-family: Open Sans, sans-serif; font-size: 12px; font-weight: 500;\" target=\"_blank\" class=\"customize-unpreviewable\" rel=\"noopener noreferrer\">16 RUE DU CLOS HUBERT<\/a>\r\n                    <\/p>\r\n                    <p>\r\n                      <a href=\"https:\/\/www.google.com\/maps\/place\/16+Rue+du+Clos+Hubert,+28320+Gallardon\/@48.5303391,1.6798269,17z\/data=!3m1!4b1!4m5!3m4!1s0x47e4179eb915d013:0x4e52fbedfbd3ddfb!8m2!3d48.5303356!4d1.6820156\" style=\"color: inherit; font-family: Open Sans, sans-serif; font-size: 12px; font-weight: 500;\" target=\"_blank\" class=\"customize-unpreviewable\" rel=\"noopener noreferrer\">28320 GALLARDON,\r\n                        <br>FRANCE<\/a>\r\n                    <\/p>\r\n                  <\/div>\r\n                <\/div>\r\n              <\/div>\r\n            <\/div>\r\n          <\/div>\r\n          <div class=\"h-column h-column-container d-flex h-col-lg-auto h-col-md-auto h-col-auto style-745-outer style-local-41-c6-outer\">\r\n            <div data-colibri-id=\"41-c6\" class=\"d-flex h-flex-basis h-column__inner h-px-lg-2 h-px-md-2 h-px-2 v-inner-lg-2 v-inner-md-2 v-inner-2 style-745 style-local-41-c6 position-relative\">\r\n              <!---->\r\n              <!---->\r\n              <div class=\"w-100 h-y-container h-column__content h-column__v-align flex-basis-100 align-self-lg-start align-self-md-start align-self-start\">\r\n                <!---->\r\n                <div data-colibri-id=\"41-c7\" class=\"h-contact-form__outer--forminator style-747 style-local-41-c7 position-relative h-element\">\r\n                  <!---->\r\n                  <div class=\"h-global-transition-all h-global-transition h-global-transition-all h-contact-form-shortcode\"><div class=\"forminator-ui forminator-custom-form forminator-custom-form-685 forminator-design--default  forminator_ajax\" data-forminator-render=\"0\" data-form=\"forminator-module-685\"><br\/><\/div><form\n\t\t\t\tid=\"forminator-module-685\"\n\t\t\t\tclass=\"forminator-ui forminator-custom-form forminator-custom-form-685 forminator-design--default  forminator_ajax\"\n\t\t\t\tmethod=\"post\"\n\t\t\t\tdata-forminator-render=\"0\"\n\t\t\t\tdata-form-id=\"685\"\n\t\t\t\t\n\t\t\t\tdata-design=\"default\"\n\t\t\t\t\n\t\t\t\t\n\t\t\t\t\n\t\t\t\tdata-grid=\"open\"\n\t\t\t\t\n\t\t\t\t\n\t\t\t\tstyle=\"display: none;\"\n\t\t\t><div class=\"forminator-response-message forminator-error\" aria-hidden=\"true\"><\/div><div class=\"forminator-row\"><div id=\"checkbox-1\" class=\"forminator-col forminator-col-12 \"><div role=\"group\" class=\"forminator-field\" aria-labelledby=\"forminator-checkbox-group-69e22ce20600d-label\"><h4 id=\"forminator-checkbox-group-69e22ce20600d-label\" class=\"forminator-label\">Information<\/h4><label for=\"forminator-field-checkbox-1-1-69e22ce20600d\" class=\"forminator-checkbox\" title=\"Demande d&#039;information\"><input type=\"checkbox\" name=\"checkbox-1[]\" value=\"demande-dinformation\" id=\"forminator-field-checkbox-1-1-69e22ce20600d\" data-calculation=\"0\" checked=\"checked\" \/><span class=\"forminator-checkbox-box\" aria-hidden=\"true\"><\/span><span class=\"forminator-checkbox-label\">Demande d&#039;information<\/span><\/label><label for=\"forminator-field-checkbox-1-2-69e22ce20600d\" class=\"forminator-checkbox\" title=\"Demande offre de prix\"><input type=\"checkbox\" name=\"checkbox-1[]\" value=\"demande-offre-de-prix\" id=\"forminator-field-checkbox-1-2-69e22ce20600d\" data-calculation=\"0\" checked=\"checked\" \/><span class=\"forminator-checkbox-box\" aria-hidden=\"true\"><\/span><span class=\"forminator-checkbox-label\">Demande offre de prix<\/span><\/label><label for=\"forminator-field-checkbox-1-3-69e22ce20600d\" class=\"forminator-checkbox\" title=\"Demande de RDV\"><input type=\"checkbox\" name=\"checkbox-1[]\" value=\"demande-de-rdv\" id=\"forminator-field-checkbox-1-3-69e22ce20600d\" data-calculation=\"0\" checked=\"checked\" \/><span class=\"forminator-checkbox-box\" aria-hidden=\"true\"><\/span><span class=\"forminator-checkbox-label\">Demande de RDV<\/span><\/label><\/div><\/div><\/div><div class=\"forminator-row\"><div id=\"textarea-1\" class=\"forminator-col forminator-col-12 \"><div class=\"forminator-field\"><label for=\"forminator-field-textarea-1\" class=\"forminator-label\">Notes compl\u00e9mentaires<\/label><textarea name=\"textarea-1\" placeholder=\"0\" id=\"forminator-field-textarea-1\" class=\"forminator-textarea\" rows=\"6\" style=\"min-height:140px;\" maxlength=\"180\" ><\/textarea><span class=\"forminator-description\"><span data-limit=\"180\" data-type=\"characters\">0 \/ 180<\/span><\/span><\/div><\/div><\/div><div class=\"forminator-row\"><div id=\"name-1\" class=\"forminator-col forminator-col-12 \"><div class=\"forminator-row\" data-multiple=\"true\"><div class=\"forminator-col forminator-col-6\"><div class=\"forminator-field\"><label for=\"forminator-field-prefix-name-1\" class=\"forminator-label\">Pr\u00e9fixe<\/label><select name=\"name-1-prefix\" id=\"forminator-field-prefix-name-1\" class=\"forminator-select2\" data-multi=\"1\" data-default-value=\"\"><option value=\"Mr\" >M.<\/option><option value=\"Mrs\" >Mme<\/option><option value=\"Ms\" >Mme<\/option><option value=\"Mx\" >Mx<\/option><option value=\"Miss\" >Mlle<\/option><option value=\"Dr\" >Dr.<\/option><option value=\"Prof\" >Prof.<\/option><\/select><\/div><\/div><div class=\"forminator-col forminator-col-6\"><div class=\"forminator-field\"><label for=\"forminator-field-first-name-1\" class=\"forminator-label\">Pr\u00e9nom <span class=\"forminator-required\">*<\/span><\/label><input type=\"text\" name=\"name-1-first-name\" placeholder=\"E.g. John\" id=\"forminator-field-first-name-1\" class=\"forminator-input\" aria-required=\"true\" data-multi=\"1\" value=\"\" \/><\/div><\/div><\/div><div class=\"forminator-row\" data-multiple=\"true\"><div class=\"forminator-col forminator-col-6\"><div class=\"forminator-field\"><label for=\"forminator-field-middle-name-1\" class=\"forminator-label\">Deuxi\u00e8me pr\u00e9nom<\/label><input type=\"text\" name=\"name-1-middle-name\" placeholder=\"E.g. Smith\" id=\"forminator-field-middle-name-1\" class=\"forminator-input\" aria-required=\"false\" data-multi=\"1\" value=\"\" \/><\/div><\/div><div class=\"forminator-col forminator-col-6\"><div class=\"forminator-field\"><label for=\"forminator-field-last-name-1\" class=\"forminator-label\">Nom de famille <span class=\"forminator-required\">*<\/span><\/label><input type=\"text\" name=\"name-1-last-name\" placeholder=\"E.g. Doe\" id=\"forminator-field-last-name-1\" class=\"forminator-input\" aria-required=\"true\" data-multi=\"1\" value=\"\" \/><\/div><\/div><\/div><\/div><\/div><div class=\"forminator-row\"><div id=\"email-1\" class=\"forminator-col forminator-col-12 \"><div class=\"forminator-field\"><label for=\"forminator-field-email-1\" class=\"forminator-label\">Adresse de messagerie <span class=\"forminator-required\">*<\/span><\/label><input type=\"email\" name=\"email-1\" value=\"\" placeholder=\"E.g. john@doe.com\" id=\"forminator-field-email-1\" class=\"forminator-input forminator-email--field\" data-required=\"true\" aria-required=\"true\" \/><\/div><\/div><\/div><div class=\"forminator-row\"><div id=\"phone-1\" class=\"forminator-col forminator-col-12 \"><div class=\"forminator-field\"><label for=\"forminator-field-phone-1\" class=\"forminator-label\">Num\u00e9ro de t\u00e9l\u00e9phone <span class=\"forminator-required\">*<\/span><\/label><input type=\"text\" name=\"phone-1\" value=\"\" placeholder=\"E.g. +1 3004005000\" id=\"forminator-field-phone-1\" class=\"forminator-input forminator-field--phone\" data-required=\"1\" aria-required=\"true\" autocomplete=\"off\" data-validation=\"1\" \/><\/div><\/div><\/div><input type=\"hidden\" name=\"referer_url\" value=\"\" \/><div class=\"forminator-row forminator-row-last\"><div class=\"forminator-col\"><div class=\"forminator-field\"><button class=\"forminator-button forminator-button-submit\">Valider votre demande, merci &agrave; bient&ocirc;t<\/button><\/div><\/div><\/div><input type=\"hidden\" id=\"forminator_nonce\" name=\"forminator_nonce\" value=\"96848f988b\" \/><input type=\"hidden\" name=\"_wp_http_referer\" value=\"\/index.php\/wp-json\/wp\/v2\/pages\/41\" \/><input type=\"hidden\" name=\"form_id\" value=\"685\"><input type=\"hidden\" name=\"page_id\" value=\"41\"><input type=\"hidden\" name=\"form_type\" value=\"default\"><input type=\"hidden\" name=\"current_url\" value=\"https:\/\/asgard-international.com\/wp-json\/wp\/v2\/pages\/41\/\"><input type=\"hidden\" name=\"render_id\" value=\"0\"><input type=\"hidden\" name=\"action\" value=\"forminator_submit_form_custom-forms\"><\/form><\/div>\r\n                <\/div>\r\n              <\/div>\r\n            <\/div>\r\n          <\/div>\r\n        <\/div>\r\n      <\/div>\r\n    <\/div>\r\n  <\/div>\r\n<\/div>","protected":false},"excerpt":{"rendered":"<p>Contact +33(0)1 89 16 71 34 export@asgard-international.com 16 RUE DU CLOS HUBERT 28320 GALLARDON, FRANCE<\/p>\n","protected":false},"author":1,"featured_media":0,"parent":0,"menu_order":0,"comment_status":"closed","ping_status":"closed","template":"page-templates\/full-width-page.php","meta":{"footnotes":""},"_links":{"self":[{"href":"https:\/\/asgard-international.com\/index.php\/wp-json\/wp\/v2\/pages\/41"}],"collection":[{"href":"https:\/\/asgard-international.com\/index.php\/wp-json\/wp\/v2\/pages"}],"about":[{"href":"https:\/\/asgard-international.com\/index.php\/wp-json\/wp\/v2\/types\/page"}],"author":[{"embeddable":true,"href":"https:\/\/asgard-international.com\/index.php\/wp-json\/wp\/v2\/users\/1"}],"replies":[{"embeddable":true,"href":"https:\/\/asgard-international.com\/index.php\/wp-json\/wp\/v2\/comments?post=41"}],"version-history":[{"count":8,"href":"https:\/\/asgard-international.com\/index.php\/wp-json\/wp\/v2\/pages\/41\/revisions"}],"predecessor-version":[{"id":1021,"href":"https:\/\/asgard-international.com\/index.php\/wp-json\/wp\/v2\/pages\/41\/revisions\/1021"}],"wp:attachment":[{"href":"https:\/\/asgard-international.com\/index.php\/wp-json\/wp\/v2\/media?parent=41"}],"curies":[{"name":"wp","href":"https:\/\/api.w.org\/{rel}","templated":true}]}}