{"id":707,"date":"2021-08-05T16:55:21","date_gmt":"2021-08-05T14:55:21","guid":{"rendered":"http:\/\/asgard-international.com\/?page_id=707"},"modified":"2023-12-08T11:14:33","modified_gmt":"2023-12-08T10:14:33","slug":"gravure-laser","status":"publish","type":"page","link":"https:\/\/asgard-international.com\/index.php\/gravure-laser\/","title":{"rendered":"SOUDURE"},"content":{"rendered":"<div data-colibri-id=\"707-c1\" class=\"style-748 style-local-707-c1 position-relative\">\n  <!---->\n  <div data-colibri-component=\"section\" data-colibri-id=\"707-c69\" id=\"about\" class=\"h-section h-section-global-spacing d-flex align-items-lg-center align-items-md-center align-items-center style-1061 style-local-707-c69 position-relative\">\n    <!---->\n    <!---->\n    <div class=\"h-section-grid-container h-section-boxed-container\">\n      <!---->\n      <div data-colibri-id=\"707-c70\" class=\"h-row-container gutters-row-lg-0 gutters-row-md-0 gutters-row-0 gutters-row-v-lg-0 gutters-row-v-md-0 gutters-row-v-0 style-1062 style-local-707-c70 position-relative\">\n        <!---->\n        <div class=\"h-row justify-content-lg-center justify-content-md-center justify-content-center align-items-lg-stretch align-items-md-stretch align-items-stretch gutters-col-lg-0 gutters-col-md-0 gutters-col-0 gutters-col-v-lg-0 gutters-col-v-md-0 gutters-col-v-0\">\n          <!---->\n          <div class=\"h-column h-column-container d-flex h-col-lg-auto h-col-md-auto h-col-auto style-1063-outer style-local-707-c71-outer\">\n            <div data-colibri-id=\"707-c71\" class=\"d-flex h-flex-basis h-column__inner h-px-lg-0 h-px-md-0 h-px-0 v-inner-lg-0 v-inner-md-0 v-inner-0 style-1063 style-local-707-c71 position-relative\">\n              <!---->\n              <!---->\n              <div class=\"w-100 h-y-container h-column__content h-column__v-align flex-basis-100 align-self-lg-start align-self-md-start align-self-start\">\n                <!---->\n                <div data-colibri-id=\"707-c72\" class=\"h-global-transition-all h-heading style-1064 style-local-707-c72 position-relative h-element\">\n                  <!---->\n                  <div class=\"h-heading__outer style-1064 style-local-707-c72\">\n                    <!---->\n                    <!---->\n                    <h5 class=\"\">CR\u00c9ATIONS EN M\u00c9TAL<\/h5>\n                  <\/div>\n                <\/div>\n                <div data-colibri-id=\"707-c73\" class=\"h-global-transition-all h-heading style-1065 style-local-707-c73 position-relative h-element\">\n                  <!---->\n                  <div class=\"h-heading__outer style-1065 style-local-707-c73\">\n                    <!---->\n                    <!---->\n                    <h2 class=\"\">SOUDURE<\/h2>\n                  <\/div>\n                <\/div>\n                <div data-colibri-id=\"707-c74\" class=\"h-text h-text-component style-1066 style-local-707-c74 position-relative h-element\">\n                  <!---->\n                  <!---->\n                  <div class=\"\">\n                    <p><span style=\"font-size: 14pt; font-family: &quot;Open Sans&quot;, sans-serif;\">*De mat\u00e9riaux en feuilles<\/span><\/p>\n                    <p><span style=\"font-size: 14pt; font-family: &quot;Open Sans&quot;, sans-serif;\">*De tuyaux<\/span><\/p>\n                    <p><span style=\"font-size: 14pt; font-family: &quot;Open Sans&quot;, sans-serif;\">*De profil\u00e9s<\/span><\/p>\n                    <p><span style=\"font-size: 14pt; font-family: &quot;Open Sans&quot;, sans-serif;\">Les travaux de soudure englobent diverses op\u00e9rations, n\u00e9cessitant des soudeurs qualifi\u00e9s dot\u00e9s d\u2019une exp\u00e9rience et de qualifications approfondies. Outre la simplicit\u00e9 apparente de ces op\u00e9rations, une soudure de qualit\u00e9 exige un \u00e9quipement technologique avanc\u00e9 et des consommables tels que des \u00e9lectrodes de calibres et de compositions vari\u00e9es, ainsi que du gaz pour le soudage \u00e0 l\u2019argon, etc.<\/span><\/p>\n                    <p><em style=\"font-size: 14pt; font-family: &quot;Open Sans&quot;, sans-serif;\"><u>Pourquoi nous choisir ?<\/u><\/em><\/p>\n                    <p>\n                      <br>\n                    <\/p>\n                  <\/div>\n                <\/div>\n              <\/div>\n            <\/div>\n          <\/div>\n          <div class=\"h-column h-column-container d-flex h-col-lg-auto h-col-md-auto h-col-auto style-1067-outer style-local-707-c75-outer\">\n            <div data-colibri-id=\"707-c75\" class=\"d-flex h-flex-basis h-column__inner h-ui-empty-state-container h-px-lg-2 h-px-md-2 h-px-2 v-inner-lg-2 v-inner-md-2 v-inner-2 style-1067 style-local-707-c75 position-relative\">\n              <!---->\n              <!---->\n              <div class=\"w-100 h-y-container h-column__content h-column__v-align flex-basis-100\">\n                <!---->\n              <\/div>\n            <\/div>\n          <\/div>\n        <\/div>\n      <\/div>\n    <\/div>\n  <\/div>\n  <div data-colibri-component=\"section\" data-colibri-id=\"707-c94\" id=\"custom\" class=\"h-section h-section-global-spacing d-flex align-items-lg-center align-items-md-center align-items-center style-1086 style-local-707-c94 position-relative\">\n    <!---->\n    <!---->\n    <div class=\"h-section-grid-container h-section-boxed-container\">\n      <!---->\n      <div data-colibri-id=\"707-c97\" class=\"h-row-container gutters-row-lg-2 gutters-row-md-2 gutters-row-0 gutters-row-v-lg-2 gutters-row-v-md-2 gutters-row-v-2 style-1089 style-local-707-c97 position-relative\">\n        <!---->\n        <div class=\"h-row justify-content-lg-center justify-content-md-center justify-content-center align-items-lg-stretch align-items-md-stretch align-items-stretch gutters-col-lg-2 gutters-col-md-2 gutters-col-0 gutters-col-v-lg-2 gutters-col-v-md-2 gutters-col-v-2\">\n          <!---->\n          <div class=\"h-column h-column-container d-flex h-col-lg-6 h-col-md-6 h-col-12 style-1090-outer style-local-707-c98-outer\">\n            <div data-colibri-id=\"707-c98\" class=\"d-flex h-flex-basis h-column__inner h-px-lg-2 h-px-md-2 h-px-2 v-inner-lg-2 v-inner-md-2 v-inner-2 style-1090 style-local-707-c98 position-relative\">\n              <!---->\n              <!---->\n              <div class=\"w-100 h-y-container h-column__content h-column__v-align flex-basis-100 align-self-lg-start align-self-md-start align-self-start\">\n                <!---->\n                <div data-colibri-id=\"707-c99\" class=\"h-text h-text-component style-1091 style-local-707-c99 position-relative h-element\">\n                  <!---->\n                  <!---->\n                  <div class=\"\">\n                    <p><span style=\"font-family: &quot;Open Sans&quot;, sans-serif; font-size: 14pt;\">La soci\u00e9t\u00e9 \u201cASGARG INTERNATIONAL\u201d assure un contr\u00f4le total de la qualit\u00e9 des travaux de soudure dans sa production et peut r\u00e9aliser divers types de soudure pour vous, notamment :<\/span><\/p>\n                    <p><span style=\"font-family: &quot;Open Sans&quot;, sans-serif; font-size: 14pt;\">o&nbsp;LBW (soudage au laser utilisant le laser comme source d\u2019\u00e9nergie)<\/span><\/p>\n                    <p><span style=\"font-family: &quot;Open Sans&quot;, sans-serif; font-size: 14pt;\">o&nbsp;TIG (soudage manuel \u00e0 l\u2019arc avec \u00e9lectrode non fusible dans un environnement de gaz protecteur inerte)<\/span><\/p>\n                    <p>\n                      <br>\n                    <\/p>\n                  <\/div>\n                <\/div>\n              <\/div>\n            <\/div>\n          <\/div>\n          <div class=\"h-column h-column-container d-flex h-col-lg-6 h-col-md-6 h-col-12 style-1099-outer style-local-707-c108-outer\">\n            <div data-colibri-id=\"707-c108\" class=\"d-flex h-flex-basis h-column__inner h-px-lg-2 h-px-md-2 h-px-2 v-inner-lg-2 v-inner-md-2 v-inner-2 style-1099 style-local-707-c108 position-relative\">\n              <!---->\n              <!---->\n              <div class=\"w-100 h-y-container h-column__content h-column__v-align flex-basis-100 align-self-lg-start align-self-md-start align-self-start\">\n                <!---->\n                <div data-colibri-id=\"707-c109\" class=\"h-text h-text-component style-1100 style-local-707-c109 position-relative h-element\">\n                  <!---->\n                  <!---->\n                  <div class=\"\">\n                    <p><span style=\"font-size: 14pt; font-family: &quot;Open Sans&quot;, sans-serif;\">o&nbsp;MIG (soudage manuel \u00e0 l\u2019arc avec \u00e9lectrode fusible m\u00e9tallique (fil) dans un environnement de gaz inerte avec alimentation automatique du fil d\u2019apport)<\/span><\/p>\n                    <p><span style=\"font-size: 14pt; font-family: &quot;Open Sans&quot;, sans-serif;\">o&nbsp;MAG (soudage manuel \u00e0 l\u2019arc avec \u00e9lectrode fusible m\u00e9tallique (fil) dans un environnement de gaz protecteur actif avec alimentation automatique du fil d\u2019apport)<\/span><\/p>\n                    <p>\n                      <br>\n                    <\/p>\n                  <\/div>\n                <\/div>\n              <\/div>\n            <\/div>\n          <\/div>\n        <\/div>\n      <\/div>\n      <div data-colibri-id=\"707-c101\" class=\"h-row-container gutters-row-lg-2 gutters-row-md-2 gutters-row-0 gutters-row-v-lg-2 gutters-row-v-md-2 gutters-row-v-2 style-1093 style-local-707-c101 position-relative\">\n        <!---->\n        <div class=\"h-row justify-content-lg-center justify-content-md-center justify-content-center align-items-lg-stretch align-items-md-stretch align-items-stretch gutters-col-lg-2 gutters-col-md-2 gutters-col-0 gutters-col-v-lg-2 gutters-col-v-md-2 gutters-col-v-2\">\n          <!---->\n          <div class=\"h-column h-column-container d-flex h-col-lg-auto h-col-md-auto h-col-auto style-1094-outer style-local-707-c102-outer\">\n            <div data-colibri-id=\"707-c102\" class=\"d-flex h-flex-basis h-column__inner h-px-lg-2 h-px-md-2 h-px-2 v-inner-lg-2 v-inner-md-2 v-inner-2 style-1094 style-local-707-c102 position-relative\">\n              <!---->\n              <!---->\n              <div class=\"w-100 h-y-container h-column__content h-column__v-align flex-basis-100 align-self-lg-start align-self-md-start align-self-start\">\n                <!---->\n                <div data-colibri-id=\"707-c103\" class=\"d-block style-1092 style-local-707-c103 position-relative h-element\">\n                  <!---->\n                  <div class=\"h-image__frame-container-outer\">\n                    <div class=\"h-image__frame-container\">\n                      <!---->\n                      <!---->\n                      <img loading=\"lazy\" decoding=\"async\" width=\"969\" height=\"969\" src=\"http:\/\/asgard-international.com\/wp-content\/uploads\/2023\/12\/cropped-cropped-WhatsApp-Image-2023-12-06-a-10.33.07_69bc5857-1.jpg\" class=\"wp-image-1247 style-1092-image style-local-707-c103-image\" alt=\"\" srcset=\"https:\/\/asgard-international.com\/wp-content\/uploads\/2023\/12\/cropped-cropped-WhatsApp-Image-2023-12-06-a-10.33.07_69bc5857-1.jpg 969w, https:\/\/asgard-international.com\/wp-content\/uploads\/2023\/12\/cropped-cropped-WhatsApp-Image-2023-12-06-a-10.33.07_69bc5857-1-300x300.jpg 300w, https:\/\/asgard-international.com\/wp-content\/uploads\/2023\/12\/cropped-cropped-WhatsApp-Image-2023-12-06-a-10.33.07_69bc5857-1-150x150.jpg 150w, https:\/\/asgard-international.com\/wp-content\/uploads\/2023\/12\/cropped-cropped-WhatsApp-Image-2023-12-06-a-10.33.07_69bc5857-1-768x768.jpg 768w\" sizes=\"(max-width: 969px) 100vw, 969px\" \/>\n                      <div class=\"h-image__frame h-hide-lg h-hide-md h-hide-sm style-1092-frameImage style-local-707-c103-frameImage\"><\/div>\n                    <\/div>\n                  <\/div>\n                <\/div>\n              <\/div>\n            <\/div>\n          <\/div>\n          <div class=\"h-column h-column-container d-flex h-col-lg-auto h-col-md-auto h-col-auto style-1095-outer style-local-707-c104-outer\">\n            <div data-colibri-id=\"707-c104\" class=\"d-flex h-flex-basis h-column__inner h-px-lg-2 h-px-md-2 h-px-2 v-inner-lg-2 v-inner-md-2 v-inner-2 style-1095 style-local-707-c104 position-relative\">\n              <!---->\n              <!---->\n              <div class=\"w-100 h-y-container h-column__content h-column__v-align flex-basis-100 align-self-lg-start align-self-md-start align-self-start\">\n                <!---->\n                <div data-colibri-id=\"707-c105\" class=\"d-block style-1096 style-local-707-c105 position-relative h-element\">\n                  <!---->\n                  <div class=\"h-image__frame-container-outer\">\n                    <div class=\"h-image__frame-container\">\n                      <!---->\n                      <!---->\n                      <img loading=\"lazy\" decoding=\"async\" width=\"882\" height=\"882\" src=\"http:\/\/asgard-international.com\/wp-content\/uploads\/2023\/12\/cropped-cropped-WhatsApp-Image-2023-12-06-a-10.33.09_5b407c0f.jpg\" class=\"wp-image-1248 style-1096-image style-local-707-c105-image\" alt=\"\" srcset=\"https:\/\/asgard-international.com\/wp-content\/uploads\/2023\/12\/cropped-cropped-WhatsApp-Image-2023-12-06-a-10.33.09_5b407c0f.jpg 882w, https:\/\/asgard-international.com\/wp-content\/uploads\/2023\/12\/cropped-cropped-WhatsApp-Image-2023-12-06-a-10.33.09_5b407c0f-300x300.jpg 300w, https:\/\/asgard-international.com\/wp-content\/uploads\/2023\/12\/cropped-cropped-WhatsApp-Image-2023-12-06-a-10.33.09_5b407c0f-150x150.jpg 150w, https:\/\/asgard-international.com\/wp-content\/uploads\/2023\/12\/cropped-cropped-WhatsApp-Image-2023-12-06-a-10.33.09_5b407c0f-768x768.jpg 768w\" sizes=\"(max-width: 882px) 100vw, 882px\" \/>\n                      <div class=\"h-image__frame h-hide-lg h-hide-md h-hide-sm style-1096-frameImage style-local-707-c105-frameImage\"><\/div>\n                    <\/div>\n                  <\/div>\n                <\/div>\n              <\/div>\n            <\/div>\n          <\/div>\n          <div class=\"h-column h-column-container d-flex h-col-lg-auto h-col-md-auto h-col-auto style-1097-outer style-local-707-c106-outer\">\n            <div data-colibri-id=\"707-c106\" class=\"d-flex h-flex-basis h-column__inner h-px-lg-2 h-px-md-2 h-px-2 v-inner-lg-2 v-inner-md-2 v-inner-2 style-1097 style-local-707-c106 position-relative\">\n              <!---->\n              <!---->\n              <div class=\"w-100 h-y-container h-column__content h-column__v-align flex-basis-100 align-self-lg-start align-self-md-start align-self-start\">\n                <!---->\n                <div data-colibri-id=\"707-c107\" class=\"d-block style-1098 style-local-707-c107 position-relative h-element\">\n                  <!---->\n                  <div class=\"h-image__frame-container-outer\">\n                    <div class=\"h-image__frame-container\">\n                      <!---->\n                      <!---->\n                      <img loading=\"lazy\" decoding=\"async\" width=\"1169\" height=\"1169\" src=\"http:\/\/asgard-international.com\/wp-content\/uploads\/2023\/12\/cropped-cropped-WhatsApp-Image-2023-12-06-a-10.33.09_41e48c60.jpg\" class=\"wp-image-1249 style-1098-image style-local-707-c107-image\" alt=\"\" srcset=\"https:\/\/asgard-international.com\/wp-content\/uploads\/2023\/12\/cropped-cropped-WhatsApp-Image-2023-12-06-a-10.33.09_41e48c60.jpg 1169w, https:\/\/asgard-international.com\/wp-content\/uploads\/2023\/12\/cropped-cropped-WhatsApp-Image-2023-12-06-a-10.33.09_41e48c60-300x300.jpg 300w, https:\/\/asgard-international.com\/wp-content\/uploads\/2023\/12\/cropped-cropped-WhatsApp-Image-2023-12-06-a-10.33.09_41e48c60-1024x1024.jpg 1024w, https:\/\/asgard-international.com\/wp-content\/uploads\/2023\/12\/cropped-cropped-WhatsApp-Image-2023-12-06-a-10.33.09_41e48c60-150x150.jpg 150w, https:\/\/asgard-international.com\/wp-content\/uploads\/2023\/12\/cropped-cropped-WhatsApp-Image-2023-12-06-a-10.33.09_41e48c60-768x768.jpg 768w\" sizes=\"(max-width: 1169px) 100vw, 1169px\" \/>\n                      <div class=\"h-image__frame h-hide-lg h-hide-md h-hide-sm style-1098-frameImage style-local-707-c107-frameImage\"><\/div>\n                    <\/div>\n                  <\/div>\n                <\/div>\n              <\/div>\n            <\/div>\n          <\/div>\n        <\/div>\n      <\/div>\n      <div data-colibri-id=\"707-c95\" class=\"h-row-container gutters-row-lg-2 gutters-row-md-2 gutters-row-0 gutters-row-v-lg-2 gutters-row-v-md-2 gutters-row-v-2 style-1087 style-local-707-c95 position-relative\">\n        <!---->\n        <div class=\"h-row justify-content-lg-center justify-content-md-center justify-content-center align-items-lg-stretch align-items-md-stretch align-items-stretch gutters-col-lg-2 gutters-col-md-2 gutters-col-0 gutters-col-v-lg-2 gutters-col-v-md-2 gutters-col-v-2\">\n          <!---->\n          <div class=\"h-column h-column-container d-flex h-col-lg-auto h-col-md-auto h-col-auto style-1088-outer style-local-707-c96-outer\">\n            <div data-colibri-id=\"707-c96\" class=\"d-flex h-flex-basis h-column__inner h-ui-empty-state-container h-px-lg-2 h-px-md-2 h-px-2 v-inner-lg-2 v-inner-md-2 v-inner-2 style-1088 style-local-707-c96 position-relative\">\n              <!---->\n              <!---->\n              <div class=\"w-100 h-y-container h-column__content h-column__v-align flex-basis-100\">\n                <!---->\n              <\/div>\n            <\/div>\n          <\/div>\n        <\/div>\n      <\/div>\n    <\/div>\n  <\/div>\n<\/div>","protected":false},"excerpt":{"rendered":"<p>CR\u00c9ATIONS EN M\u00c9TAL SOUDURE *De mat\u00e9riaux en feuilles *De tuyaux *De profil\u00e9s Les travaux de soudure englobent diverses op\u00e9rations, n\u00e9cessitant des soudeurs qualifi\u00e9s dot\u00e9s d\u2019une exp\u00e9rience et de qualifications approfondies. Outre la simplicit\u00e9 apparente de ces op\u00e9rations, une soudure de qualit\u00e9 exige un \u00e9quipement technologique avanc\u00e9 et des consommables tels que des \u00e9lectrodes de calibres [&hellip;]<\/p>\n","protected":false},"author":1,"featured_media":1199,"parent":0,"menu_order":0,"comment_status":"closed","ping_status":"closed","template":"page-templates\/full-width-page.php","meta":{"footnotes":""},"_links":{"self":[{"href":"https:\/\/asgard-international.com\/index.php\/wp-json\/wp\/v2\/pages\/707"}],"collection":[{"href":"https:\/\/asgard-international.com\/index.php\/wp-json\/wp\/v2\/pages"}],"about":[{"href":"https:\/\/asgard-international.com\/index.php\/wp-json\/wp\/v2\/types\/page"}],"author":[{"embeddable":true,"href":"https:\/\/asgard-international.com\/index.php\/wp-json\/wp\/v2\/users\/1"}],"replies":[{"embeddable":true,"href":"https:\/\/asgard-international.com\/index.php\/wp-json\/wp\/v2\/comments?post=707"}],"version-history":[{"count":19,"href":"https:\/\/asgard-international.com\/index.php\/wp-json\/wp\/v2\/pages\/707\/revisions"}],"predecessor-version":[{"id":1272,"href":"https:\/\/asgard-international.com\/index.php\/wp-json\/wp\/v2\/pages\/707\/revisions\/1272"}],"wp:featuredmedia":[{"embeddable":true,"href":"https:\/\/asgard-international.com\/index.php\/wp-json\/wp\/v2\/media\/1199"}],"wp:attachment":[{"href":"https:\/\/asgard-international.com\/index.php\/wp-json\/wp\/v2\/media?parent=707"}],"curies":[{"name":"wp","href":"https:\/\/api.w.org\/{rel}","templated":true}]}}